{"id":563,"date":"2024-09-21T10:16:13","date_gmt":"2024-09-21T07:16:13","guid":{"rendered":"https:\/\/boltekstil.com\/?post_type=product&#038;p=563"},"modified":"2025-12-03T17:40:41","modified_gmt":"2025-12-03T14:40:41","slug":"12-adet-siyah-spor-fitness-havlusu-30x90-cm-0-pamuk","status":"publish","type":"product","link":"https:\/\/boltekstil.com\/index.php\/product\/12-adet-siyah-spor-fitness-havlusu-30x90-cm-0-pamuk\/","title":{"rendered":"12 Adet Siyah Spor Fitness Havlusu 30&#215;90 Cm %100 Pamuk"},"content":{"rendered":"<p>SPOR SALONLARININ VE SPOR YAPANLARIN TERC\u0130H ETT\u0130\u011e\u0130 \u00c7OK SU \u00c7EKEN \u00c7ABUK KURUYAN, %100 PAMUK SPOR FITNESS HAVLUSU. \u00d6ZEL TASARIM. 30 X 90 CM<\/p>\n","protected":false},"excerpt":{"rendered":"<p>SPOR SALONLARININ VE SPOR YAPANLARIN TERC\u0130H ETT\u0130\u011e\u0130 \u00c7OK SU \u00c7EKEN \u00c7ABUK KURUYAN, %100 PAMUK SPOR FITNESS HAVLUSU. \u00d6ZEL TASARIM. 30 X 90 CM<\/p>\n","protected":false},"featured_media":564,"comment_status":"open","ping_status":"closed","template":"","meta":[],"product_brand":[],"product_cat":[64],"product_tag":[],"class_list":{"0":"post-563","1":"product","2":"type-product","3":"status-publish","4":"has-post-thumbnail","6":"product_cat-spor-havlusu","8":"first","9":"outofstock","10":"sale","11":"taxable","12":"shipping-taxable","13":"purchasable","14":"product-type-simple"},"jetpack_sharing_enabled":true,"_links":{"self":[{"href":"https:\/\/boltekstil.com\/index.php\/wp-json\/wp\/v2\/product\/563","targetHints":{"allow":["GET"]}}],"collection":[{"href":"https:\/\/boltekstil.com\/index.php\/wp-json\/wp\/v2\/product"}],"about":[{"href":"https:\/\/boltekstil.com\/index.php\/wp-json\/wp\/v2\/types\/product"}],"replies":[{"embeddable":true,"href":"https:\/\/boltekstil.com\/index.php\/wp-json\/wp\/v2\/comments?post=563"}],"wp:featuredmedia":[{"embeddable":true,"href":"https:\/\/boltekstil.com\/index.php\/wp-json\/wp\/v2\/media\/564"}],"wp:attachment":[{"href":"https:\/\/boltekstil.com\/index.php\/wp-json\/wp\/v2\/media?parent=563"}],"wp:term":[{"taxonomy":"product_brand","embeddable":true,"href":"https:\/\/boltekstil.com\/index.php\/wp-json\/wp\/v2\/product_brand?post=563"},{"taxonomy":"product_cat","embeddable":true,"href":"https:\/\/boltekstil.com\/index.php\/wp-json\/wp\/v2\/product_cat?post=563"},{"taxonomy":"product_tag","embeddable":true,"href":"https:\/\/boltekstil.com\/index.php\/wp-json\/wp\/v2\/product_tag?post=563"}],"curies":[{"name":"wp","href":"https:\/\/api.w.org\/{rel}","templated":true}]}}