{"id":551,"date":"2024-08-28T16:45:32","date_gmt":"2024-08-28T13:45:32","guid":{"rendered":"https:\/\/boltekstil.com\/?post_type=product&#038;p=551"},"modified":"2026-01-16T12:57:46","modified_gmt":"2026-01-16T09:57:46","slug":"outlet-masaj-yatagi-ortusu-havlusu-sandik-model-beyaz-renk-kafa-kismi-acik","status":"publish","type":"product","link":"https:\/\/boltekstil.com\/index.php\/product\/outlet-masaj-yatagi-ortusu-havlusu-sandik-model-beyaz-renk-kafa-kismi-acik\/","title":{"rendered":"Outlet Masaj Yata\u011f\u0131 \u00d6rt\u00fcs\u00fc Havlusu Sand\u0131k Model Beyaz Renk Kafa K\u0131sm\u0131 A\u00e7\u0131k"},"content":{"rendered":"<p>\u0130hracat fazlas\u0131 \u00fcr\u00fcn oldu\u011fu i\u00e7in dokuma hatalar\u0131 olabilir. D\u0131\u015f giyim olmayan bu \u00fcr\u00fcn\u00fcm\u00fczde dokuma hatalar\u0131 y\u0131kama sonras\u0131 sorun olmaz, sadece g\u00f6rsel hatalard\u0131r. \u00c7o\u011funda hata yoktur. MASAJ YATAKLARI \u0130\u00c7\u0130N \u00d6ZEL TASARIMLANMI\u015e HAVLU \u00d6RT\u00dc YUMU\u015eAK KAD\u0130FE DOKUSU \u0130LE EKSTRA SOFT BA\u015e TARAFI OYUNTULU \u00c7OK YIKAMAYA DAYANIKLI.<\/p>\n","protected":false},"excerpt":{"rendered":"<p>\u0130hracat fazlas\u0131 \u00fcr\u00fcn oldu\u011fu i\u00e7in dokuma hatalar\u0131 olabilir. D\u0131\u015f giyim olmayan bu \u00fcr\u00fcn\u00fcm\u00fczde dokuma hatalar\u0131 y\u0131kama sonras\u0131 sorun olmaz, sadece g\u00f6rsel hatalard\u0131r. \u00c7o\u011funda hata yoktur. MASAJ YATAKLARI \u0130\u00c7\u0130N \u00d6ZEL TASARIMLANMI\u015e HAVLU \u00d6RT\u00dc YUMU\u015eAK KAD\u0130FE DOKUSU \u0130LE EKSTRA SOFT BA\u015e TARAFI OYUNTULU \u00c7OK YIKAMAYA DAYANIKLI.<\/p>\n","protected":false},"featured_media":552,"comment_status":"open","ping_status":"closed","template":"","meta":[],"product_brand":[],"product_cat":[60],"product_tag":[],"class_list":{"0":"post-551","1":"product","2":"type-product","3":"status-publish","4":"has-post-thumbnail","6":"product_cat-yatak-havlusu","8":"first","9":"outofstock","10":"sale","11":"taxable","12":"shipping-taxable","13":"purchasable","14":"product-type-simple"},"jetpack_sharing_enabled":true,"_links":{"self":[{"href":"https:\/\/boltekstil.com\/index.php\/wp-json\/wp\/v2\/product\/551","targetHints":{"allow":["GET"]}}],"collection":[{"href":"https:\/\/boltekstil.com\/index.php\/wp-json\/wp\/v2\/product"}],"about":[{"href":"https:\/\/boltekstil.com\/index.php\/wp-json\/wp\/v2\/types\/product"}],"replies":[{"embeddable":true,"href":"https:\/\/boltekstil.com\/index.php\/wp-json\/wp\/v2\/comments?post=551"}],"wp:featuredmedia":[{"embeddable":true,"href":"https:\/\/boltekstil.com\/index.php\/wp-json\/wp\/v2\/media\/552"}],"wp:attachment":[{"href":"https:\/\/boltekstil.com\/index.php\/wp-json\/wp\/v2\/media?parent=551"}],"wp:term":[{"taxonomy":"product_brand","embeddable":true,"href":"https:\/\/boltekstil.com\/index.php\/wp-json\/wp\/v2\/product_brand?post=551"},{"taxonomy":"product_cat","embeddable":true,"href":"https:\/\/boltekstil.com\/index.php\/wp-json\/wp\/v2\/product_cat?post=551"},{"taxonomy":"product_tag","embeddable":true,"href":"https:\/\/boltekstil.com\/index.php\/wp-json\/wp\/v2\/product_tag?post=551"}],"curies":[{"name":"wp","href":"https:\/\/api.w.org\/{rel}","templated":true}]}}