{"id":543,"date":"2024-08-24T15:32:37","date_gmt":"2024-08-24T12:32:37","guid":{"rendered":"https:\/\/boltekstil.com\/?post_type=product&#038;p=543"},"modified":"2026-01-16T12:58:06","modified_gmt":"2026-01-16T09:58:06","slug":"outlet-masaj-yatagi-ortusu-havlusu-sandik-model-gri-renk","status":"publish","type":"product","link":"https:\/\/boltekstil.com\/index.php\/product\/outlet-masaj-yatagi-ortusu-havlusu-sandik-model-gri-renk\/","title":{"rendered":"Outlet Masaj Yata\u011f\u0131 \u00d6rt\u00fcs\u00fc Havlusu Sand\u0131k Model Gri Renk Kafa K\u0131sm\u0131 A\u00e7\u0131k"},"content":{"rendered":"<p>\u00dcR\u00dcN OUTLET \u00dcR\u00dcND\u00dcR, KULLANIM VE YIKAMA SONRASI SORUN OLAMAYACAK UFAK DOKUMA HATALARI OLAB\u0130L\u0130R. \u00c7O\u011eUNDA HATA YOKTUR. MASAJ YATAKLARI \u0130\u00c7\u0130N \u00d6ZEL TASARIMLANMI\u015e HAVLU \u00d6RT\u00dc YUMU\u015eAK KAD\u0130FE DOKUSU \u0130LE EKSTRA SOFT BA\u015e TARAFI OYUNTULU \u00c7OK YIKAMAYA DAYANIKLI<\/p>\n","protected":false},"excerpt":{"rendered":"<p>\u00dcR\u00dcN OUTLET \u00dcR\u00dcND\u00dcR, KULLANIM VE YIKAMA SONRASI SORUN OLAMAYACAK UFAK DOKUMA HATALARI OLAB\u0130L\u0130R. \u00c7O\u011eUNDA HATA YOKTUR. MASAJ YATAKLARI \u0130\u00c7\u0130N \u00d6ZEL TASARIMLANMI\u015e HAVLU \u00d6RT\u00dc YUMU\u015eAK KAD\u0130FE DOKUSU \u0130LE EKSTRA SOFT BA\u015e TARAFI OYUNTULU \u00c7OK YIKAMAYA DAYANIKLI<\/p>\n","protected":false},"featured_media":544,"comment_status":"open","ping_status":"closed","template":"","meta":[],"product_brand":[],"product_cat":[60],"product_tag":[],"class_list":{"0":"post-543","1":"product","2":"type-product","3":"status-publish","4":"has-post-thumbnail","6":"product_cat-yatak-havlusu","8":"first","9":"outofstock","10":"sale","11":"taxable","12":"shipping-taxable","13":"purchasable","14":"product-type-simple"},"jetpack_sharing_enabled":true,"_links":{"self":[{"href":"https:\/\/boltekstil.com\/index.php\/wp-json\/wp\/v2\/product\/543","targetHints":{"allow":["GET"]}}],"collection":[{"href":"https:\/\/boltekstil.com\/index.php\/wp-json\/wp\/v2\/product"}],"about":[{"href":"https:\/\/boltekstil.com\/index.php\/wp-json\/wp\/v2\/types\/product"}],"replies":[{"embeddable":true,"href":"https:\/\/boltekstil.com\/index.php\/wp-json\/wp\/v2\/comments?post=543"}],"wp:featuredmedia":[{"embeddable":true,"href":"https:\/\/boltekstil.com\/index.php\/wp-json\/wp\/v2\/media\/544"}],"wp:attachment":[{"href":"https:\/\/boltekstil.com\/index.php\/wp-json\/wp\/v2\/media?parent=543"}],"wp:term":[{"taxonomy":"product_brand","embeddable":true,"href":"https:\/\/boltekstil.com\/index.php\/wp-json\/wp\/v2\/product_brand?post=543"},{"taxonomy":"product_cat","embeddable":true,"href":"https:\/\/boltekstil.com\/index.php\/wp-json\/wp\/v2\/product_cat?post=543"},{"taxonomy":"product_tag","embeddable":true,"href":"https:\/\/boltekstil.com\/index.php\/wp-json\/wp\/v2\/product_tag?post=543"}],"curies":[{"name":"wp","href":"https:\/\/api.w.org\/{rel}","templated":true}]}}