{"id":538,"date":"2024-08-24T14:05:46","date_gmt":"2024-08-24T11:05:46","guid":{"rendered":"https:\/\/boltekstil.com\/?post_type=product&#038;p=538"},"modified":"2025-12-03T17:41:47","modified_gmt":"2025-12-03T14:41:47","slug":"150x220-cm-outlet-beyaz-kenari-gri-biyeli-battal-spa-masaj-sedye-havlusu","status":"publish","type":"product","link":"https:\/\/boltekstil.com\/index.php\/product\/150x220-cm-outlet-beyaz-kenari-gri-biyeli-battal-spa-masaj-sedye-havlusu\/","title":{"rendered":"150\u00d7220 cm outlet beyaz kenar\u0131 gri biyeli battal spa masaj sedye havlusu"},"content":{"rendered":"<p>D\u0130KKAT BU \u00dcR\u00dcN\u00dcM\u00dcZ OUTLET \u00dcR\u00dcND\u00dcR DOKUMA HATALARI OLAB\u0130L\u0130R. DI\u015e G\u0130Y\u0130M OLMAYAN BU \u00dcR\u00dcN\u00dcM\u00dcZDE DOKUMA HATALARI YIKAM A SONRASI SORUN OLMAZ SADECE G\u00d6RSEL HATALARDIR. \u00c7O\u011eUNDA HATA YOKTUR. 150X220 CM PAMUK-M\u0130KROF\u0130BER BANYO SPA SEDYE HAVLUSU. %65 PAMUK %35 M\u0130KROF\u0130BER. KULLANIM Y\u00dcZ\u00dc OLAN \u0130\u00c7 Y\u00dcZ\u00dc PAMUK, DI\u015e Y\u00dcZ\u00dc M\u0130KROF\u0130BER.<\/p>\n","protected":false},"excerpt":{"rendered":"<p>D\u0130KKAT BU \u00dcR\u00dcN\u00dcM\u00dcZ OUTLET \u00dcR\u00dcND\u00dcR DOKUMA HATALARI OLAB\u0130L\u0130R. DI\u015e G\u0130Y\u0130M OLMAYAN BU \u00dcR\u00dcN\u00dcM\u00dcZDE DOKUMA HATALARI YIKAM A SONRASI SORUN OLMAZ SADECE G\u00d6RSEL HATALARDIR. \u00c7O\u011eUNDA HATA YOKTUR. 150X220 CM PAMUK-M\u0130KROF\u0130BER BANYO SPA SEDYE HAVLUSU. %65 PAMUK %35 M\u0130KROF\u0130BER. KULLANIM Y\u00dcZ\u00dc OLAN \u0130\u00c7 Y\u00dcZ\u00dc PAMUK, DI\u015e Y\u00dcZ\u00dc M\u0130KROF\u0130BER.<\/p>\n","protected":false},"featured_media":539,"comment_status":"open","ping_status":"closed","template":"","meta":[],"product_brand":[],"product_cat":[60],"product_tag":[],"class_list":{"0":"post-538","1":"product","2":"type-product","3":"status-publish","4":"has-post-thumbnail","6":"product_cat-yatak-havlusu","8":"first","9":"instock","10":"sale","11":"taxable","12":"shipping-taxable","13":"purchasable","14":"product-type-simple"},"jetpack_sharing_enabled":true,"_links":{"self":[{"href":"https:\/\/boltekstil.com\/index.php\/wp-json\/wp\/v2\/product\/538","targetHints":{"allow":["GET"]}}],"collection":[{"href":"https:\/\/boltekstil.com\/index.php\/wp-json\/wp\/v2\/product"}],"about":[{"href":"https:\/\/boltekstil.com\/index.php\/wp-json\/wp\/v2\/types\/product"}],"replies":[{"embeddable":true,"href":"https:\/\/boltekstil.com\/index.php\/wp-json\/wp\/v2\/comments?post=538"}],"wp:featuredmedia":[{"embeddable":true,"href":"https:\/\/boltekstil.com\/index.php\/wp-json\/wp\/v2\/media\/539"}],"wp:attachment":[{"href":"https:\/\/boltekstil.com\/index.php\/wp-json\/wp\/v2\/media?parent=538"}],"wp:term":[{"taxonomy":"product_brand","embeddable":true,"href":"https:\/\/boltekstil.com\/index.php\/wp-json\/wp\/v2\/product_brand?post=538"},{"taxonomy":"product_cat","embeddable":true,"href":"https:\/\/boltekstil.com\/index.php\/wp-json\/wp\/v2\/product_cat?post=538"},{"taxonomy":"product_tag","embeddable":true,"href":"https:\/\/boltekstil.com\/index.php\/wp-json\/wp\/v2\/product_tag?post=538"}],"curies":[{"name":"wp","href":"https:\/\/api.w.org\/{rel}","templated":true}]}}