{"id":531,"date":"2024-08-24T13:48:05","date_gmt":"2024-08-24T10:48:05","guid":{"rendered":"https:\/\/boltekstil.com\/?post_type=product&#038;p=531"},"modified":"2026-01-17T15:16:04","modified_gmt":"2026-01-17T12:16:04","slug":"100x220-cm-outlet-yakali-masaj-yatagi-havlusu","status":"publish","type":"product","link":"https:\/\/boltekstil.com\/index.php\/product\/100x220-cm-outlet-yakali-masaj-yatagi-havlusu\/","title":{"rendered":"100&#215;220 Cm Outlet Yakal\u0131 Masaj Yata\u011f\u0131 Havlusu"},"content":{"rendered":"<p>\u00dcR\u00dcN OUTLET \u00dcR\u00dcND\u00dcR, KULLANIM VE YIKAMA SONRASI SORUN OLAMAYACAK UFAK DOKUMA HATALARI OLAB\u0130L\u0130R MASAJ YATA\u011eI HAVLUSU 100 X 220 CM 720 GRAM B\u0130R Y\u00dcZEY\u0130 HAVLU B\u0130R Y\u00dcZEY\u0130 KAD\u0130FED\u0130R. MASAJ SALONLARI \u0130\u00c7\u0130N \u00d6ZEL D\u0130ZAYN ED\u0130LM\u0130\u015e.<\/p>\n","protected":false},"excerpt":{"rendered":"<p>\u00dcR\u00dcN OUTLET \u00dcR\u00dcND\u00dcR, KULLANIM VE YIKAMA SONRASI SORUN OLAMAYACAK UFAK DOKUMA HATALARI OLAB\u0130L\u0130R MASAJ YATA\u011eI HAVLUSU 100 X 220 CM 720 GRAM B\u0130R Y\u00dcZEY\u0130 HAVLU B\u0130R Y\u00dcZEY\u0130 KAD\u0130FED\u0130R. MASAJ SALONLARI \u0130\u00c7\u0130N \u00d6ZEL D\u0130ZAYN ED\u0130LM\u0130\u015e.<\/p>\n","protected":false},"featured_media":532,"comment_status":"open","ping_status":"closed","template":"","meta":[],"product_brand":[],"product_cat":[60],"product_tag":[],"class_list":{"0":"post-531","1":"product","2":"type-product","3":"status-publish","4":"has-post-thumbnail","6":"product_cat-yatak-havlusu","8":"first","9":"outofstock","10":"sale","11":"taxable","12":"shipping-taxable","13":"purchasable","14":"product-type-simple"},"jetpack_sharing_enabled":true,"_links":{"self":[{"href":"https:\/\/boltekstil.com\/index.php\/wp-json\/wp\/v2\/product\/531","targetHints":{"allow":["GET"]}}],"collection":[{"href":"https:\/\/boltekstil.com\/index.php\/wp-json\/wp\/v2\/product"}],"about":[{"href":"https:\/\/boltekstil.com\/index.php\/wp-json\/wp\/v2\/types\/product"}],"replies":[{"embeddable":true,"href":"https:\/\/boltekstil.com\/index.php\/wp-json\/wp\/v2\/comments?post=531"}],"wp:featuredmedia":[{"embeddable":true,"href":"https:\/\/boltekstil.com\/index.php\/wp-json\/wp\/v2\/media\/532"}],"wp:attachment":[{"href":"https:\/\/boltekstil.com\/index.php\/wp-json\/wp\/v2\/media?parent=531"}],"wp:term":[{"taxonomy":"product_brand","embeddable":true,"href":"https:\/\/boltekstil.com\/index.php\/wp-json\/wp\/v2\/product_brand?post=531"},{"taxonomy":"product_cat","embeddable":true,"href":"https:\/\/boltekstil.com\/index.php\/wp-json\/wp\/v2\/product_cat?post=531"},{"taxonomy":"product_tag","embeddable":true,"href":"https:\/\/boltekstil.com\/index.php\/wp-json\/wp\/v2\/product_tag?post=531"}],"curies":[{"name":"wp","href":"https:\/\/api.w.org\/{rel}","templated":true}]}}