{"id":529,"date":"2024-08-24T13:36:27","date_gmt":"2024-08-24T10:36:27","guid":{"rendered":"https:\/\/boltekstil.com\/?post_type=product&#038;p=529"},"modified":"2026-01-17T15:19:17","modified_gmt":"2026-01-17T12:19:17","slug":"outlet-yakali-masaj-yatagi-havlusu-100x220-cm-antrasit-gri","status":"publish","type":"product","link":"https:\/\/boltekstil.com\/index.php\/product\/outlet-yakali-masaj-yatagi-havlusu-100x220-cm-antrasit-gri\/","title":{"rendered":"100&#215;220 Cm Outlet Yakal\u0131 Masaj Yata\u011f\u0131 Havlusu  antrasit gri"},"content":{"rendered":"<p>\u00dcR\u00dcN OUTLET \u00dcR\u00dcND\u00dcR, KULLANIM VE YIKAMA SONRASI SORUN OLAMAYACAK UFAK DOKUMA HATALARI OLAB\u0130L\u0130R MASAJ YATA\u011eI HAVLUSU 100 X 220 CM 720 GRAM B\u0130R Y\u00dcZEY\u0130 HAVLU B\u0130R Y\u00dcZEY\u0130 KAD\u0130FED\u0130R. MASAJ SALONLARI \u0130\u00c7\u0130N \u00d6ZEL D\u0130ZAYN ED\u0130LM\u0130\u015e.<\/p>\n","protected":false},"excerpt":{"rendered":"<p>\u00dcR\u00dcN OUTLET \u00dcR\u00dcND\u00dcR, KULLANIM VE YIKAMA SONRASI SORUN OLAMAYACAK UFAK DOKUMA HATALARI OLAB\u0130L\u0130R MASAJ YATA\u011eI HAVLUSU 100 X 220 CM 720 GRAM B\u0130R Y\u00dcZEY\u0130 HAVLU B\u0130R Y\u00dcZEY\u0130 KAD\u0130FED\u0130R. MASAJ SALONLARI \u0130\u00c7\u0130N \u00d6ZEL D\u0130ZAYN ED\u0130LM\u0130\u015e.<\/p>\n","protected":false},"featured_media":530,"comment_status":"open","ping_status":"closed","template":"","meta":[],"product_brand":[],"product_cat":[60],"product_tag":[],"class_list":{"0":"post-529","1":"product","2":"type-product","3":"status-publish","4":"has-post-thumbnail","6":"product_cat-yatak-havlusu","8":"first","9":"outofstock","10":"sale","11":"taxable","12":"shipping-taxable","13":"purchasable","14":"product-type-simple"},"jetpack_sharing_enabled":true,"_links":{"self":[{"href":"https:\/\/boltekstil.com\/index.php\/wp-json\/wp\/v2\/product\/529","targetHints":{"allow":["GET"]}}],"collection":[{"href":"https:\/\/boltekstil.com\/index.php\/wp-json\/wp\/v2\/product"}],"about":[{"href":"https:\/\/boltekstil.com\/index.php\/wp-json\/wp\/v2\/types\/product"}],"replies":[{"embeddable":true,"href":"https:\/\/boltekstil.com\/index.php\/wp-json\/wp\/v2\/comments?post=529"}],"wp:featuredmedia":[{"embeddable":true,"href":"https:\/\/boltekstil.com\/index.php\/wp-json\/wp\/v2\/media\/530"}],"wp:attachment":[{"href":"https:\/\/boltekstil.com\/index.php\/wp-json\/wp\/v2\/media?parent=529"}],"wp:term":[{"taxonomy":"product_brand","embeddable":true,"href":"https:\/\/boltekstil.com\/index.php\/wp-json\/wp\/v2\/product_brand?post=529"},{"taxonomy":"product_cat","embeddable":true,"href":"https:\/\/boltekstil.com\/index.php\/wp-json\/wp\/v2\/product_cat?post=529"},{"taxonomy":"product_tag","embeddable":true,"href":"https:\/\/boltekstil.com\/index.php\/wp-json\/wp\/v2\/product_tag?post=529"}],"curies":[{"name":"wp","href":"https:\/\/api.w.org\/{rel}","templated":true}]}}