{"id":518,"date":"2024-08-21T11:45:33","date_gmt":"2024-08-21T08:45:33","guid":{"rendered":"https:\/\/boltekstil.com\/?post_type=product&#038;p=518"},"modified":"2026-01-16T12:59:04","modified_gmt":"2026-01-16T09:59:04","slug":"outlet-delikli-masaj-yatagi-sedye-havlusu-antrasit-yesil-renk-150-x-220-cm","status":"publish","type":"product","link":"https:\/\/boltekstil.com\/index.php\/product\/outlet-delikli-masaj-yatagi-sedye-havlusu-antrasit-yesil-renk-150-x-220-cm\/","title":{"rendered":"150 X 220 Cm Outlet Delikli Masaj Yata\u011f\u0131 Sedye Havlusu Ye\u015fil Renk"},"content":{"rendered":"<p>\u00dcR\u00dcN OUTLET \u00dcR\u00dcND\u00dcR, KULLANIM VE YIKAMA SONRASI SORUN OLAMAYACAK UFAK DOKUMA HATALARI OLAB\u0130L\u0130R. \u00c7O\u011eUNDA HATA YOKTUR. MASAJ YATA\u011eI HAVLUSU 150 X 220 CM B\u0130R Y\u00dcZEY\u0130 HAVLU B\u0130R Y\u00dcZEY\u0130 KAD\u0130FED\u0130R. MASAJ SALONLARI \u0130\u00c7\u0130N \u00d6ZEL D\u0130ZAYN ED\u0130LM\u0130\u015e. BA\u015e TARAFI DEL\u0130KL\u0130D\u0130R.<\/p>\n","protected":false},"excerpt":{"rendered":"<p>\u00dcR\u00dcN OUTLET \u00dcR\u00dcND\u00dcR, KULLANIM VE YIKAMA SONRASI SORUN OLAMAYACAK UFAK DOKUMA HATALARI OLAB\u0130L\u0130R. \u00c7O\u011eUNDA HATA YOKTUR. MASAJ YATA\u011eI HAVLUSU 150 X 220 CM B\u0130R Y\u00dcZEY\u0130 HAVLU B\u0130R Y\u00dcZEY\u0130 KAD\u0130FED\u0130R. MASAJ SALONLARI \u0130\u00c7\u0130N \u00d6ZEL D\u0130ZAYN ED\u0130LM\u0130\u015e. BA\u015e TARAFI DEL\u0130KL\u0130D\u0130R. <\/p>\n","protected":false},"featured_media":519,"comment_status":"open","ping_status":"closed","template":"","meta":[],"product_brand":[],"product_cat":[60],"product_tag":[],"class_list":{"0":"post-518","1":"product","2":"type-product","3":"status-publish","4":"has-post-thumbnail","6":"product_cat-yatak-havlusu","8":"first","9":"outofstock","10":"sale","11":"taxable","12":"shipping-taxable","13":"purchasable","14":"product-type-simple"},"jetpack_sharing_enabled":true,"_links":{"self":[{"href":"https:\/\/boltekstil.com\/index.php\/wp-json\/wp\/v2\/product\/518","targetHints":{"allow":["GET"]}}],"collection":[{"href":"https:\/\/boltekstil.com\/index.php\/wp-json\/wp\/v2\/product"}],"about":[{"href":"https:\/\/boltekstil.com\/index.php\/wp-json\/wp\/v2\/types\/product"}],"replies":[{"embeddable":true,"href":"https:\/\/boltekstil.com\/index.php\/wp-json\/wp\/v2\/comments?post=518"}],"wp:featuredmedia":[{"embeddable":true,"href":"https:\/\/boltekstil.com\/index.php\/wp-json\/wp\/v2\/media\/519"}],"wp:attachment":[{"href":"https:\/\/boltekstil.com\/index.php\/wp-json\/wp\/v2\/media?parent=518"}],"wp:term":[{"taxonomy":"product_brand","embeddable":true,"href":"https:\/\/boltekstil.com\/index.php\/wp-json\/wp\/v2\/product_brand?post=518"},{"taxonomy":"product_cat","embeddable":true,"href":"https:\/\/boltekstil.com\/index.php\/wp-json\/wp\/v2\/product_cat?post=518"},{"taxonomy":"product_tag","embeddable":true,"href":"https:\/\/boltekstil.com\/index.php\/wp-json\/wp\/v2\/product_tag?post=518"}],"curies":[{"name":"wp","href":"https:\/\/api.w.org\/{rel}","templated":true}]}}