{"id":504,"date":"2024-08-17T16:16:16","date_gmt":"2024-08-17T13:16:16","guid":{"rendered":"https:\/\/boltekstil.com\/?post_type=product&#038;p=504"},"modified":"2026-01-17T15:16:51","modified_gmt":"2026-01-17T12:16:51","slug":"4-adet-beyaz-pamuk-banyo-spa-masaj-otel-havlusu-90x150-cm-adet-600-gram","status":"publish","type":"product","link":"https:\/\/boltekstil.com\/index.php\/product\/4-adet-beyaz-pamuk-banyo-spa-masaj-otel-havlusu-90x150-cm-adet-600-gram\/","title":{"rendered":"4 Adet Beyaz Pamuk Banyo, Spa, Masaj, Otel Havlusu 90&#215;150 Cm Adet 600 gram"},"content":{"rendered":"<p>4 adet beyaz pamuk banyo, spa, masaj, otel havlusu 90&#215;150 cm adet 600 gram s\u0131k y\u0131kama uygun, su \u00e7eken ve \u00e7abuk kuruyan<\/p>\n","protected":false},"excerpt":{"rendered":"<p>4 adet beyaz pamuk banyo, spa, masaj, otel havlusu 90&#215;150 cm adet 600 gram s\u0131k y\u0131kama uygun, su \u00e7eken ve \u00e7abuk kuruyan<\/p>\n","protected":false},"featured_media":506,"comment_status":"open","ping_status":"closed","template":"","meta":[],"product_brand":[],"product_cat":[63],"product_tag":[],"class_list":{"0":"post-504","1":"product","2":"type-product","3":"status-publish","4":"has-post-thumbnail","6":"product_cat-banyo-havlusu","8":"first","9":"instock","10":"sale","11":"taxable","12":"shipping-taxable","13":"purchasable","14":"product-type-simple"},"jetpack_sharing_enabled":true,"_links":{"self":[{"href":"https:\/\/boltekstil.com\/index.php\/wp-json\/wp\/v2\/product\/504","targetHints":{"allow":["GET"]}}],"collection":[{"href":"https:\/\/boltekstil.com\/index.php\/wp-json\/wp\/v2\/product"}],"about":[{"href":"https:\/\/boltekstil.com\/index.php\/wp-json\/wp\/v2\/types\/product"}],"replies":[{"embeddable":true,"href":"https:\/\/boltekstil.com\/index.php\/wp-json\/wp\/v2\/comments?post=504"}],"wp:featuredmedia":[{"embeddable":true,"href":"https:\/\/boltekstil.com\/index.php\/wp-json\/wp\/v2\/media\/506"}],"wp:attachment":[{"href":"https:\/\/boltekstil.com\/index.php\/wp-json\/wp\/v2\/media?parent=504"}],"wp:term":[{"taxonomy":"product_brand","embeddable":true,"href":"https:\/\/boltekstil.com\/index.php\/wp-json\/wp\/v2\/product_brand?post=504"},{"taxonomy":"product_cat","embeddable":true,"href":"https:\/\/boltekstil.com\/index.php\/wp-json\/wp\/v2\/product_cat?post=504"},{"taxonomy":"product_tag","embeddable":true,"href":"https:\/\/boltekstil.com\/index.php\/wp-json\/wp\/v2\/product_tag?post=504"}],"curies":[{"name":"wp","href":"https:\/\/api.w.org\/{rel}","templated":true}]}}