{"id":180,"date":"2022-06-15T16:49:27","date_gmt":"2022-06-15T13:49:27","guid":{"rendered":"https:\/\/boltekstil.com\/?post_type=product&#038;p=180"},"modified":"2026-01-17T15:18:19","modified_gmt":"2026-01-17T12:18:19","slug":"boya-tutmayan-kuafor-havlusu-kirmizi-12-adet-50x90-cm","status":"publish","type":"product","link":"https:\/\/boltekstil.com\/index.php\/product\/boya-tutmayan-kuafor-havlusu-kirmizi-12-adet-50x90-cm\/","title":{"rendered":"Boya Tutmayan Mikrofiber Kuaf\u00f6r Havlusu K\u0131rm\u0131z\u0131 12 Adet 50X90 cm"},"content":{"rendered":"<p>KUAF\u00d6RLER\u0130N TERC\u0130H ETT\u0130\u011e\u0130<\/p>\n<p>BOYA VE LEKE TUTMAYAN, \u00c7OK SU \u00c7EKEN, \u00c7ABUK KURUYAN, ANT\u0130BAKTER\u0130YEL M\u0130KROF\u0130BER HAVLU.<\/p>\n<p>12 ADET\u00a0 \u00a050 X 90 CM<\/p>\n","protected":false},"excerpt":{"rendered":"<p>BOYA VE LEKE TUTMAYAN, \u00c7OK SU \u00c7EKEN, \u00c7ABUK KURUYAN, ANT\u0130BAKTER\u0130YEL M\u0130KROF\u0130BER HAVLU.<\/p>\n","protected":false},"featured_media":203,"comment_status":"open","ping_status":"closed","template":"","meta":[],"product_brand":[],"product_cat":[59],"product_tag":[],"class_list":{"0":"post-180","1":"product","2":"type-product","3":"status-publish","4":"has-post-thumbnail","6":"product_cat-kuafor-havlusu","8":"first","9":"instock","10":"sale","11":"featured","12":"taxable","13":"shipping-taxable","14":"purchasable","15":"product-type-simple"},"jetpack_sharing_enabled":true,"_links":{"self":[{"href":"https:\/\/boltekstil.com\/index.php\/wp-json\/wp\/v2\/product\/180","targetHints":{"allow":["GET"]}}],"collection":[{"href":"https:\/\/boltekstil.com\/index.php\/wp-json\/wp\/v2\/product"}],"about":[{"href":"https:\/\/boltekstil.com\/index.php\/wp-json\/wp\/v2\/types\/product"}],"replies":[{"embeddable":true,"href":"https:\/\/boltekstil.com\/index.php\/wp-json\/wp\/v2\/comments?post=180"}],"wp:featuredmedia":[{"embeddable":true,"href":"https:\/\/boltekstil.com\/index.php\/wp-json\/wp\/v2\/media\/203"}],"wp:attachment":[{"href":"https:\/\/boltekstil.com\/index.php\/wp-json\/wp\/v2\/media?parent=180"}],"wp:term":[{"taxonomy":"product_brand","embeddable":true,"href":"https:\/\/boltekstil.com\/index.php\/wp-json\/wp\/v2\/product_brand?post=180"},{"taxonomy":"product_cat","embeddable":true,"href":"https:\/\/boltekstil.com\/index.php\/wp-json\/wp\/v2\/product_cat?post=180"},{"taxonomy":"product_tag","embeddable":true,"href":"https:\/\/boltekstil.com\/index.php\/wp-json\/wp\/v2\/product_tag?post=180"}],"curies":[{"name":"wp","href":"https:\/\/api.w.org\/{rel}","templated":true}]}}