{"id":172,"date":"2022-06-12T22:26:08","date_gmt":"2022-06-12T19:26:08","guid":{"rendered":"http:\/\/boltekstil.com\/?post_type=product&#038;p=172"},"modified":"2026-01-21T14:47:47","modified_gmt":"2026-01-21T11:47:47","slug":"beyaz-el-yuz-spor-kuafor-havlusu-pamuk-50x90-cm-12-adet","status":"publish","type":"product","link":"https:\/\/boltekstil.com\/index.php\/product\/beyaz-el-yuz-spor-kuafor-havlusu-pamuk-50x90-cm-12-adet\/","title":{"rendered":"Beyaz El Y\u00fcz Spor Kuaf\u00f6r Havlusu Pamuk 50\u00d790 Cm 12 Adet"},"content":{"rendered":"<p>Bol Ticaret Tekstil Beyaz Havlu El Y\u00fcz Kuaf\u00f6r Havlusu 50 x 90 cm 12 Adet50 X 90 CM,<\/p>\n<p>%100 PAMUK<\/p>\n<p>D\u00fczine a\u011f\u0131rl\u0131\u011f\u0131 2,400 kg<\/p>\n<p>Adet a\u011f\u0131rl\u0131\u011f\u0131 200 gr<\/p>\n<p>Kuaf\u00f6rlerin kulland\u0131\u011f\u0131, s\u0131k y\u0131kamaya uygun.<\/p>\n<p>Kulland\u0131\u011f\u0131n\u0131z bir havlu var ise havlunun adet a\u011f\u0131rl\u0131\u011f\u0131n\u0131 ve \u00f6l\u00e7\u00fclerini \u00f6l\u00e7erek \u00fcr\u00fcn\u00fcm\u00fcz ile kar\u015f\u0131la\u015ft\u0131rabilirsiniz. Piyasadaki e\u015f de\u011fer \u00fcr\u00fcnler ile k\u0131yaslamak isterseniz, di\u011fer \u00fcr\u00fcnlerin \u00f6l\u00e7\u00fc ve a\u011f\u0131rl\u0131klar\u0131n\u0131 sat\u0131c\u0131lardan talep etmenizi tavsiye ederiz. \u0130hracat ama\u00e7l\u0131 \u00fcretilmi\u015ftir. \u00dcretim uluslararas\u0131 kalite ve \u00e7evre standartlar\u0131na uygun \u00fcretim yapan fabrikalarda yap\u0131lm\u0131\u015ft\u0131r. \u0130pli\u011fi 1. s\u0131n\u0131f ipliktir.<\/p>\n","protected":false},"excerpt":{"rendered":"<p>Bol Ticaret Tekstil Beyaz Havlu El Y\u00fcz Kuaf\u00f6r Havlusu 50 x 90 cm 12 Adet50 X 90 CM,<\/p>\n<p>%100 PAMUK<\/p>\n<p>D\u00fczine a\u011f\u0131rl\u0131\u011f\u0131 2,400 kg<\/p>\n<p>Adet a\u011f\u0131rl\u0131\u011f\u0131 200 gr<\/p>\n","protected":false},"featured_media":167,"comment_status":"open","ping_status":"closed","template":"","meta":[],"product_brand":[],"product_cat":[59],"product_tag":[],"class_list":{"0":"post-172","1":"product","2":"type-product","3":"status-publish","4":"has-post-thumbnail","6":"product_cat-kuafor-havlusu","8":"first","9":"instock","10":"sale","11":"taxable","12":"shipping-taxable","13":"purchasable","14":"product-type-simple"},"jetpack_sharing_enabled":true,"_links":{"self":[{"href":"https:\/\/boltekstil.com\/index.php\/wp-json\/wp\/v2\/product\/172","targetHints":{"allow":["GET"]}}],"collection":[{"href":"https:\/\/boltekstil.com\/index.php\/wp-json\/wp\/v2\/product"}],"about":[{"href":"https:\/\/boltekstil.com\/index.php\/wp-json\/wp\/v2\/types\/product"}],"replies":[{"embeddable":true,"href":"https:\/\/boltekstil.com\/index.php\/wp-json\/wp\/v2\/comments?post=172"}],"wp:featuredmedia":[{"embeddable":true,"href":"https:\/\/boltekstil.com\/index.php\/wp-json\/wp\/v2\/media\/167"}],"wp:attachment":[{"href":"https:\/\/boltekstil.com\/index.php\/wp-json\/wp\/v2\/media?parent=172"}],"wp:term":[{"taxonomy":"product_brand","embeddable":true,"href":"https:\/\/boltekstil.com\/index.php\/wp-json\/wp\/v2\/product_brand?post=172"},{"taxonomy":"product_cat","embeddable":true,"href":"https:\/\/boltekstil.com\/index.php\/wp-json\/wp\/v2\/product_cat?post=172"},{"taxonomy":"product_tag","embeddable":true,"href":"https:\/\/boltekstil.com\/index.php\/wp-json\/wp\/v2\/product_tag?post=172"}],"curies":[{"name":"wp","href":"https:\/\/api.w.org\/{rel}","templated":true}]}}