{"id":109,"date":"2022-06-04T21:58:27","date_gmt":"2022-06-04T18:58:27","guid":{"rendered":"http:\/\/boltekstil.com\/?post_type=product&#038;p=109"},"modified":"2026-01-17T15:19:35","modified_gmt":"2026-01-17T12:19:35","slug":"turkuaz-boya-tutmayan-kuafor-havlusu-50x90-cm-12-adet","status":"publish","type":"product","link":"https:\/\/boltekstil.com\/index.php\/product\/turkuaz-boya-tutmayan-kuafor-havlusu-50x90-cm-12-adet\/","title":{"rendered":"Boya Tutmayan Mikrofiber Kuaf\u00f6r Havlusu Turkuaz 12 Adet 50X90 cm"},"content":{"rendered":"<div>\n<p class=\"ql-align-center\">KUAF\u00d6RLER\u0130N TERC\u0130H ETT\u0130\u011e\u0130<\/p>\n<p class=\"ql-align-center\">BOYA VE LEKE TUTMAYAN, \u00c7OK SU \u00c7EKEN, \u00c7ABUK KURUYAN, ANT\u0130BAKTER\u0130YEL M\u0130KROF\u0130BER HAVLU.<\/p>\n<p class=\"ql-align-center\">TURKUAZ RENK.<\/p>\n<p class=\"ql-align-center\">50 X 90 CM<\/p>\n<div><\/div>\n<\/div>\n","protected":false},"excerpt":{"rendered":"<p>KUAF\u00d6RLER\u0130N TERC\u0130H ETT\u0130\u011e\u0130 BOYA VE LEKE TUTMAYAN, \u00c7OK SU \u00c7EKEN, \u00c7ABUK KURUYAN, ANT\u0130BAKTER\u0130YEL M\u0130KROF\u0130BER HAVLU. TURKUAZ RENK. 50 X 90 CM<\/p>\n","protected":false},"featured_media":211,"comment_status":"open","ping_status":"closed","template":"","meta":[],"product_brand":[],"product_cat":[59],"product_tag":[],"class_list":{"0":"post-109","1":"product","2":"type-product","3":"status-publish","4":"has-post-thumbnail","6":"product_cat-kuafor-havlusu","8":"first","9":"instock","10":"sale","11":"featured","12":"taxable","13":"shipping-taxable","14":"purchasable","15":"product-type-simple"},"jetpack_sharing_enabled":true,"_links":{"self":[{"href":"https:\/\/boltekstil.com\/index.php\/wp-json\/wp\/v2\/product\/109","targetHints":{"allow":["GET"]}}],"collection":[{"href":"https:\/\/boltekstil.com\/index.php\/wp-json\/wp\/v2\/product"}],"about":[{"href":"https:\/\/boltekstil.com\/index.php\/wp-json\/wp\/v2\/types\/product"}],"replies":[{"embeddable":true,"href":"https:\/\/boltekstil.com\/index.php\/wp-json\/wp\/v2\/comments?post=109"}],"wp:featuredmedia":[{"embeddable":true,"href":"https:\/\/boltekstil.com\/index.php\/wp-json\/wp\/v2\/media\/211"}],"wp:attachment":[{"href":"https:\/\/boltekstil.com\/index.php\/wp-json\/wp\/v2\/media?parent=109"}],"wp:term":[{"taxonomy":"product_brand","embeddable":true,"href":"https:\/\/boltekstil.com\/index.php\/wp-json\/wp\/v2\/product_brand?post=109"},{"taxonomy":"product_cat","embeddable":true,"href":"https:\/\/boltekstil.com\/index.php\/wp-json\/wp\/v2\/product_cat?post=109"},{"taxonomy":"product_tag","embeddable":true,"href":"https:\/\/boltekstil.com\/index.php\/wp-json\/wp\/v2\/product_tag?post=109"}],"curies":[{"name":"wp","href":"https:\/\/api.w.org\/{rel}","templated":true}]}}