{"id":408,"date":"2024-08-14T14:21:01","date_gmt":"2024-08-14T11:21:01","guid":{"rendered":"https:\/\/boltekstil.com\/?page_id=408"},"modified":"2024-08-14T14:21:08","modified_gmt":"2024-08-14T11:21:08","slug":"mesafeli-satis-sozlesmesi","status":"publish","type":"page","link":"https:\/\/boltekstil.com\/index.php\/mesafeli-satis-sozlesmesi\/","title":{"rendered":"MESAFEL\u0130 SATI\u015e S\u00d6ZLE\u015eMES\u0130"},"content":{"rendered":"<p><strong>MADDE 1 \u2013 TARAFLAR<br><\/strong><br><strong>1.1 \u2013 SATICI<\/strong><br>Unvan\u0131:\u00a0Bol Tekstil<br>Adresi: Adres: Saraylar MH. 420 SK. No:15 \u00d6zcan \u0130\u015f Merkez\u00ee no:43 Merkezefendi\/Denizli<\/p><p>Telefon: +90 532 436 04 28<br>E-posta: serkanbol@hotmail.com<br><br><strong>1.2 \u2013 ALICI<\/strong><br><br>M\u00fc\u015fteri olarak boltekstil.com  al\u0131\u015fveri\u015f sitesine \u00fcye olan ki\u015fi.<br><br>\u00dcye olurken kullan\u0131lan adres ve ileti\u015fim bilgileri esas al\u0131n\u0131r.<br><br><br><strong>MADDE 2 \u2013 KONU<br><\/strong><br>\u0130\u015fbu s\u00f6zle\u015fmenin konusu, ALICI\u2019n\u0131n SATICI\u2019ya ait\u00a0boltekstil.com internet sitesinden elektronik ortamda sipari\u015fini yapt\u0131\u011f\u0131 a\u015fa\u011f\u0131da nitelikleri ve sat\u0131\u015f fiyat\u0131 belirtilen \u00fcr\u00fcn\u00fcn sat\u0131\u015f\u0131 ve teslimi ile ilgili olarak 6502 say\u0131l\u0131 T\u00fcketicilerin Korunmas\u0131 Hakk\u0131ndaki Kanun ve Mesafeli S\u00f6zle\u015fmeler Uygulama Esas ve Usulleri Hakk\u0131nda Y\u00f6netmelik h\u00fck\u00fcmleri gere\u011fince taraflar\u0131n hak ve y\u00fck\u00fcml\u00fcl\u00fcklerinin saptanmas\u0131d\u0131r.<br><br><br><strong>MADDE 3 \u2013 S\u00d6ZLE\u015eME KONUSU \u00dcR\u00dcN<br><\/strong><br>Mal\u0131n\/ \u00dcr\u00fcn\u00fcn \/ Hizmetin t\u00fcr\u00fc, miktar\u0131, marka\/modeli, rengi, adedi, sat\u0131\u015f bedeli, \u00f6deme \u015fekli, sipari\u015fin sonland\u0131\u011f\u0131 andaki bilgilerden olu\u015fmaktad\u0131r.<br><br><br><strong>MADDE 4 \u2013 GENEL H\u00dcK\u00dcMLER<br><\/strong><br><strong>4.1.<\/strong>\u00a0ALICI, boltekstil.com  internet sitesinde s\u00f6zle\u015fme konusu \u00fcr\u00fcn\u00fcn temel nitelikleri, t\u00fcm vergiler dahil sat\u0131\u015f fiyat\u0131 ve \u00f6deme \u015fekli ile teslimata ve bunun masraflar\u0131n\u0131n ALICI taraf\u0131ndan kar\u015f\u0131lanaca\u011f\u0131na, teslimat\u0131n ger\u00e7ekle\u015ftirilece\u011fi s\u00fcreye ve SATICI\u2019n\u0131n tam ticari unvan\u0131, a\u00e7\u0131k adresi ve ileti\u015fim bilgilerine ili\u015fkin \u00f6n bilgileri okuyup bilgi sahibi oldu\u011funu ve elektronik ortamda gerekli teyidi verdi\u011fini beyan eder.<br><br>ALICI; bu s\u00f6zle\u015fmeyi elektronik ortamda teyit etmekle, mesafeli s\u00f6zle\u015fmelerin akdinden \u00f6nce, Sat\u0131c\u0131 taraf\u0131ndan T\u00fcketici\u2019ye verilmesi gereken adres, sipari\u015fi verilen \u00fcr\u00fcnlere ait temel \u00f6zellikler, \u00fcr\u00fcnlerin vergiler dahil fiyat\u0131, \u00f6deme ve teslimat bilgilerini de do\u011fru ve eksiksiz olarak edindi\u011fini teyit etmi\u015f olur.<br><br><strong>4.2.<\/strong>\u00a0S\u00f6zle\u015fme konusu \u00fcr\u00fcn, yasal 30 g\u00fcnl\u00fck s\u00fcreyi a\u015fmamak ko\u015fulu ile her bir \u00fcr\u00fcn i\u00e7in ALICI\u2019n\u0131n yerle\u015fim yerinin uzakl\u0131\u011f\u0131na ba\u011fl\u0131 olarak internet sitesinde \u00f6n bilgiler i\u00e7inde a\u00e7\u0131klanan s\u00fcre i\u00e7inde ALICI veya g\u00f6sterdi\u011fi adresteki ki\u015fi\/kurulu\u015fa teslim edilir. Madde 3\u2019te g\u00f6sterilen teslimata ili\u015fkin her t\u00fcrl\u00fc kargo \u00fccreti ALICI taraf\u0131ndan kar\u015f\u0131lanacak olup sipari\u015fine ili\u015fkin faturas\u0131na \u201cG\u00f6nderim \u00dccreti\u201d ad\u0131 alt\u0131nda yans\u0131t\u0131lacakt\u0131r.<br><br><strong>4.3.<\/strong>\u00a0S\u00f6zle\u015fme konusu \u00fcr\u00fcn, ALICI\u2019dan ba\u015fka bir ki\u015fi\/kurulu\u015fa teslim edilecek ise, teslim edilecek ki\u015fi\/kurulu\u015fun teslimat\u0131 kabul etmemesinden SATICI sorumlu tutulamaz.<br><br><strong>4.4.<\/strong>\u00a0Kargo firmas\u0131n\u0131n, \u00fcr\u00fcn\u00fc ALICI\u2019ya teslimi a\u015famas\u0131nda kar\u015f\u0131la\u015faca\u011f\u0131 her t\u00fcrl\u00fc sorun nedeniyle, sipari\u015fi verilen \u00fcr\u00fcn\u00fcn ALICI\u2019ya teslim edilememesinden dolay\u0131 SATICI sorumlu tutulamaz.<br><br><strong>4.5.<\/strong>\u00a0SATICI, s\u00f6zle\u015fme konusu \u00fcr\u00fcn\u00fcn sa\u011flam, eksiksiz, sipari\u015fte belirtilen niteliklere uygun ve varsa garanti belgeleri ve kullan\u0131m k\u0131lavuzlar\u0131 ile teslim edilmesinden sorumludur.<br><br><strong>4.6.<\/strong>\u00a0SATICI, hakl\u0131 bir sebebe dayanmak \u015fart\u0131yla, s\u00f6zle\u015fmeden do\u011fan ifa y\u00fck\u00fcml\u00fcl\u00fc\u011f\u00fcn\u00fcn s\u00fcresi dolmadan ALICI\u2019ya e\u015fit kalite ve fiyatta farkl\u0131 bir \u00fcr\u00fcn tedarik edebilir.<br><br><strong>4.7.<\/strong>\u00a0SATICI, sipari\u015f konusu \u00fcr\u00fcn veya hizmetin yerine getirilmesinin imkans\u0131zla\u015fmas\u0131 halinde s\u00f6zle\u015fme konusu y\u00fck\u00fcml\u00fcl\u00fcklerini yerine getiremezse, bu durumu, s\u00f6zle\u015fmeden do\u011fan ifa y\u00fck\u00fcml\u00fcl\u00fc\u011f\u00fcn\u00fcn s\u00fcresi dolmadan t\u00fcketiciye bildirir ve ALICI\u2019ya e\u015fit kalite ve fiyatta farkl\u0131 bir \u00fcr\u00fcn tedarik edebilir.<br><br><strong>4.8.<\/strong>\u00a0S\u00f6zle\u015fme konusu \u00fcr\u00fcn\u00fcn teslimat\u0131 i\u00e7in i\u015fbu s\u00f6zle\u015fmenin imzal\u0131 n\u00fcshas\u0131n\u0131n SATICI\u2019ya ula\u015ft\u0131r\u0131lm\u0131\u015f olmas\u0131 ve bedelinin ALICI\u2019n\u0131n tercih etti\u011fi \u00f6deme \u015fekli ile \u00f6denmi\u015f olmas\u0131 \u015fartt\u0131r. Herhangi bir nedenle \u00fcr\u00fcn bedeli \u00f6denmez veya banka kay\u0131tlar\u0131nda iptal edilir ise, SATICI \u00fcr\u00fcn\u00fcn teslimi y\u00fck\u00fcml\u00fcl\u00fc\u011f\u00fcnden kurtulmu\u015f kabul edilir.<br><br><strong>4.9.<\/strong>\u00a0ALICI al\u0131\u015fveri\u015f esnas\u0131nda sisteme tan\u0131mlad\u0131\u011f\u0131 kredi kart\u0131 bilgilerinin do\u011fru oldu\u011funu, bu kredi kart\u0131n\u0131n kullan\u0131m\u0131ndan dolay\u0131 kaynaklanacak her t\u00fcrl\u00fc hukuki ve cezai yasal sorumlulu\u011funun kendisinde oldu\u011funu kabul ve taahh\u00fct eder. \u00dcr\u00fcn\u00fcn tesliminden sonra ALICI\u2019ya ait kredi kart\u0131n\u0131n ALICI\u2019n\u0131n kusurundan kaynaklanmayan bir \u015fekilde yetkisiz ki\u015filerce haks\u0131z veya hukuka ayk\u0131r\u0131 olarak kullan\u0131lmas\u0131 nedeni ile ilgili banka veya finans kurulu\u015fun \u00fcr\u00fcn bedelini SATICI\u2019ya \u00f6dememesi halinde, ALICI\u2019n\u0131n kendisine teslim edilmi\u015f olmas\u0131 kayd\u0131yla \u00fcr\u00fcn\u00fcn 3 g\u00fcn i\u00e7inde SATICI\u2019ya g\u00f6nderilmesi zorunludur. Bu takdirde nakliye giderleri ALICI\u2019ya aittir. E\u011fer ALICI \u00fcr\u00fcn\u00fc geri g\u00f6ndermezse kredi kart\u0131ndan herhangi bir nedenle \u00fcr\u00fcn bedelinin al\u0131nmamas\u0131 veya \u00fcr\u00fcn bedelinin kredi kart\u0131na iade edilmesi durumlar\u0131nda \u00fcr\u00fcn bedelinin hi\u00e7bir ihtara gerek kalmaks\u0131z\u0131n SATICI banka hesaplar\u0131na havale edilece\u011fini kabul ve taahh\u00fct eder.<br><br><strong>4.10.<\/strong>\u00a0SATICI m\u00fccbir sebepler veya nakliyeyi engelleyen hava muhalefeti, ula\u015f\u0131m\u0131n kesilmesi gibi ola\u011fan\u00fcst\u00fc durumlar nedeni ile s\u00f6zle\u015fme konusu \u00fcr\u00fcn\u00fc s\u00fcresi i\u00e7inde teslim edemez ise, durumu ALICI\u2019ya bildirmekle y\u00fck\u00fcml\u00fcd\u00fcr. Bu takdirde ALICI sipari\u015fin iptal edilmesini, s\u00f6zle\u015fme konusu \u00fcr\u00fcn\u00fcn varsa emsali ile de\u011fi\u015ftirilmesini, ve\/veya teslimat s\u00fcresinin engelleyici durumun ortadan kalkmas\u0131na kadar ertelenmesi haklar\u0131ndan birini kullanabilir. ALICI\u2019n\u0131n sipari\u015fi iptal etmesi halinde \u00f6dedi\u011fi tutar 10 g\u00fcn i\u00e7inde kendisine nakden ve defaten \u00f6denir.<br><br><br><strong>4.11.<\/strong>\u00a0SATICI taraf\u0131ndan bir kampanya arac\u0131l\u0131\u011f\u0131 ile m\u00fc\u015fteriye verilen puanlar sadece bir al\u0131\u015fveri\u015f i\u00e7in ge\u00e7erlidir. Bu puanlar \u00fcr\u00fcn iade edilse bile geri iade edilmez.<br><br>ALICI\u2019n\u0131n kredi kart\u0131 ile yapt\u0131\u011f\u0131 \u00f6demelerde ise, \u00fcr\u00fcn tutar\u0131, sipari\u015fin ALICI taraf\u0131ndan iptal edilmesinden sonra 7 g\u00fcn i\u00e7erisinde ilgili bankaya iade edilir. Bu tutar\u0131n bankaya iadesinden sonra ALICI hesaplar\u0131na yans\u0131mas\u0131 tamamen banka i\u015flem s\u00fcreci ile ilgili oldu\u011fundan, ALICI, olas\u0131 gecikmeler i\u00e7in SATICI\u2019n\u0131n herhangi bir \u015fekilde m\u00fcdahalede bulunmas\u0131n\u0131n m\u00fcmk\u00fcn olamayaca\u011f\u0131n\u0131 ve SATICI taraf\u0131ndan kredi kart\u0131na iade edilen tutar\u0131n banka taraf\u0131ndan ALICI hesab\u0131na yans\u0131t\u0131lmas\u0131n\u0131n ortalama 2 ile 3 haftay\u0131 bulabilece\u011fini \u015fimdiden kabul etmektedir.<br><br><br><strong>MADDE 5 \u2013 CAYMA HAKKI<br><\/strong><br>ALICI, s\u00f6zle\u015fme konusu \u00fcr\u00fcn\u00fcn kendisine veya g\u00f6sterdi\u011fi adresteki ki\u015fi\/kurulu\u015fa tesliminden itibaren 14 g\u00fcn i\u00e7inde hi\u00e7bir sebep g\u00f6stermek zorunda olmaks\u0131z\u0131n cayma hakk\u0131na sahiptir.<br><br>Ancak, y\u0131lba\u015f\u0131, bayramlar, anneler g\u00fcn\u00fc gibi belirli g\u00fcnlere y\u00f6nelik ALICI\u2019ya \u00f6zel olarak haz\u0131rlanan, sat\u0131\u015fa sunulan ve\/veya ithal edilen \u00fcr\u00fcnlerde, kampanya ve promosyon \u00fcr\u00fcnlerinde \u00fcr\u00fcn\u00fcn iadesi al\u0131namamakta; ALICI bu \u015fartlar\u0131 kabul ederek al\u0131\u015fveri\u015fini ger\u00e7ekle\u015ftirmektedir.<br><br>Cayma hakk\u0131n\u0131n kullan\u0131lmas\u0131 i\u00e7in 14 g\u00fcnl\u00fck s\u00fcre i\u00e7inde SATICI\u2019ya faks veya e-posta ile bildirimde bulunulmas\u0131 ve \u00fcr\u00fcn\u00fcn 6. madde h\u00fck\u00fcmleri \u00e7er\u00e7evesinde kullan\u0131lmam\u0131\u015f olmas\u0131 \u015fartt\u0131r. Bu hakk\u0131n kullan\u0131lmas\u0131 halinde,<br><br><strong>a)<\/strong>\u00a03. ki\u015fiye veya ALICI\u2019ya teslim edilen \u00fcr\u00fcn\u00fcn faturas\u0131, (\u0130ade edilmek istenen \u00fcr\u00fcn\u00fcn faturas\u0131 kurumsal ise, iade ederken kurumun d\u00fczenlemi\u015f oldu\u011fu iade faturas\u0131 ile birlikte g\u00f6nderilmesi gerekmektedir. Faturas\u0131 kurumlar ad\u0131na d\u00fczenlenen sipari\u015f iadeleri \u0130ADE FATURASI kesilmedi\u011fi takdirde tamamlanamayacakt\u0131r)<br><br><strong>b)<\/strong>\u00a0\u0130ade formu,<br><br><strong>c)<\/strong>\u00a014 g\u00fcnl\u00fck s\u00fcre i\u00e7erisinde iade edilecek \u00fcr\u00fcnlerin kutusu, ambalaj\u0131, varsa standart aksesuarlar\u0131 ile birlikte eksiksiz ve hasars\u0131z olarak teslim edilmesi gerekmektedir. Bu belgelerin SATICI\u2019ya ula\u015fmas\u0131n\u0131 takip eden 10 g\u00fcn i\u00e7inde \u00fcr\u00fcn bedeli ALICI\u2019ya iade edilir.<br><br>Cayma hakk\u0131 nedeniyle iade edilen \u00fcr\u00fcn\u00fcn kargo bedeli yurti\u00e7i sipari\u015flerinde SATICI taraf\u0131ndan yurtd\u0131\u015f\u0131 sipari\u015flerinde ALICI taraf\u0131ndan kar\u015f\u0131lanacakt\u0131r. SATICI \u00fcr\u00fcn satarken ALICI\u2019dan tahsil etti\u011fi kargo \u00fccretini iade etmez. \u0130ade nedeniyle sipari\u015fteki mevcut kampanyalar\u0131n ge\u00e7ersiz olmas\u0131 durumunda (\u00fccretsiz kargo limitinin alt\u0131na d\u00fc\u015fme, 3 al 2 \u00f6de vb.) kampanya ge\u00e7ersiz olup iade i\u015flemi kampanyas\u0131z duruma g\u00f6re yap\u0131lacakt\u0131r.<br><br>\u00dcr\u00fcn SATICI\u2019ya iade edilirken, \u00fcr\u00fcn\u00fcn teslimi s\u0131ras\u0131nda ALICI\u2019ya ibraz edilmi\u015f olan orijinal faturan\u0131n da (muhasebe kay\u0131tlar\u0131m\u0131zda tutarl\u0131l\u0131\u011f\u0131 sa\u011flamak amac\u0131yla) iade edilmesi gerekmekte olup faturan\u0131n \u00fcr\u00fcnle birlikte ya da en ge\u00e7 \u00fcr\u00fcn\u00fcn g\u00f6nderilmesinden itibaren 5 g\u00fcn i\u00e7erisinde SATICI\u2019ya g\u00f6nderilmemesi durumunda iade i\u015flemi ger\u00e7ekle\u015ftirilmeyecek, \u00fcr\u00fcn ayn\u0131 \u015fekilde kar\u015f\u0131 \u00f6demeli olarak ALICI\u2019ya geri g\u00f6nderilecektir. \u00dcr\u00fcnle beraber iade edilecek olan faturan\u0131n \u00fczerine de \u201ciade faturas\u0131d\u0131r\u201d ibaresi yaz\u0131l\u0131p ALICI taraf\u0131ndan imzalanacakt\u0131r.<br><br><br><strong>MADDE 6 \u2013 CAYMA HAKKI KULLANILAMAYACAK \u00dcR\u00dcNLER<br><\/strong><br>Niteli\u011fi itibar\u0131yla; tek kullan\u0131ml\u0131k \u00fcr\u00fcnler, kopyalanabilir yaz\u0131l\u0131m ve programlar, h\u0131zl\u0131 bozulan veya son kullan\u0131m tarihi ge\u00e7me ihtimali olan \u00fcr\u00fcnlerin iadesi kabul edilmemektedir.\u00a0\u00dcr\u00fcnlerde cayma hakk\u0131n\u0131n kullan\u0131lmas\u0131, \u00fcr\u00fcn\u00fcn ambalaj\u0131n\u0131n a\u00e7\u0131lmam\u0131\u015f, bozulmam\u0131\u015f ve \u00fcr\u00fcn\u00fcn kullan\u0131lmam\u0131\u015f olmas\u0131 \u015fart\u0131na ba\u011fl\u0131d\u0131r.<br><br><strong>6.1.<\/strong>\u00a0Her t\u00fcrl\u00fc yaz\u0131l\u0131m ve programlar<br><strong>6.2.<\/strong>\u00a0Bilgisayar ve k\u0131rtasiye sarf malzemeleri (toner, kartu\u015f, \u015ferit vb.)<br><strong>6.3.<\/strong>\u00a0Her t\u00fcrl\u00fc kozmetik \u00fcr\u00fcnleri<br><strong>6.4.<\/strong>\u00a0T\u00fcketicinin istekleri ile \u015fekillenip ki\u015fiye \u00f6zel do\u011frultuda haz\u0131rlanan \u00fcr\u00fcnler<br><strong>6.5.<\/strong>\u00a0Son kullanma tarihi ge\u00e7me ihtimali olan ve \u00e7abuk bozulan \u00fcr\u00fcnler<br><strong>6.6.<\/strong>\u00a0Tesliminden sonra ba\u015fka \u00fcr\u00fcnlerle kar\u0131\u015fan ve do\u011fas\u0131 gere\u011fi ayr\u0131\u015ft\u0131r\u0131lmas\u0131 m\u00fcmk\u00fcn olmayan \u00fcr\u00fcnler<br><strong>6.7.<\/strong>\u00a0Tesliminden sonra ambalaj, bant, m\u00fch\u00fcr, paket gibi koruyucu unsurlar\u0131 a\u00e7\u0131lm\u0131\u015f olan \u00fcr\u00fcnler<br><br><strong>MADDE 7 \u2013 YETK\u0130L\u0130 MAHKEME<br><\/strong><br>\u0130\u015fbu \u00d6n Bilgilendirmenin uygulanmas\u0131nda, Sanayi ve Ticaret Bakanl\u0131\u011f\u0131nca ilan edilen de\u011fere kadar ALICI\u2019n\u0131n mal veya hizmeti sat\u0131n ald\u0131\u011f\u0131 ve ikametgah\u0131n\u0131n bulundu\u011fu yerdeki T\u00fcketici Hakem Heyetleri ile T\u00fcketici Mahkemeleri yetkilidir.<br>SATICI \u015fik\u00e2yet ve itirazlar\u0131 konusunda ba\u015fvurular\u0131n\u0131, T.C. Sanayi Ve Ticaret Bakanl\u0131\u011f\u0131 taraf\u0131ndan her y\u0131l Aral\u0131k ay\u0131nda belirlenen parasal s\u0131n\u0131rlar d\u00e2hilinde mal veya hizmeti sat\u0131n ald\u0131\u011f\u0131 veya ikametg\u00e2h\u0131n\u0131n bulundu\u011fu yerdeki t\u00fcketici sorunlar\u0131 hakem heyetine veya t\u00fcketici mahkemesine yapabilir. Parasal s\u0131n\u0131ra ili\u015fkin bilgiler a\u015fa\u011f\u0131dad\u0131r:<br><br>28\/05\/2014 tarihinden itibaren ge\u00e7erli olmak \u00fczere;<br><br><strong>a)<\/strong>\u00a06502 say\u0131l\u0131 T\u00fcketicinin Korunmas\u0131 Hakk\u0131nda Kanun\u2019nun 68 inci maddesi gere\u011fi De\u011feri iki bin T\u00fcrk Liras\u0131n\u0131n alt\u0131nda bulunan uyu\u015fmazl\u0131klarda il\u00e7e t\u00fcketici hakem heyetlerine, \u00fc\u00e7 bin T\u00fcrk Liras\u0131n\u0131n alt\u0131nda bulunan uyu\u015fmazl\u0131klarda il t\u00fcketici hakem heyetlerine, b\u00fcy\u00fck\u015fehir stat\u00fcs\u00fcnde bulunan illerde ise iki bin T\u00fcrk Liras\u0131 ile \u00fc\u00e7 bin T\u00fcrk Liras\u0131 aras\u0131ndaki uyu\u015fmazl\u0131klarda il t\u00fcketici hakem heyetlerine ba\u015fvuru zorunludur.Bu de\u011ferlerin \u00fczerindeki uyu\u015fmazl\u0131klar i\u00e7in t\u00fcketici hakem heyetlerine ba\u015fvuru yap\u0131lamaz.<br><br><strong>b)<\/strong>\u00a0Belirtilen de\u011fer \u00fczerinde olan uyu\u015fmazl\u0131klarda T\u00fcketici Mahkemesinde, T\u00fcketici Mahkemesinin bulunmad\u0131\u011f\u0131 yerlerde ise T\u00fcketici Mahkemesi s\u0131fat\u0131yla Asliye Hukuk Mahkemelerine ba\u015fvurunun yap\u0131lmas\u0131 gerekmektedir.<br><br>\u0130\u015fbu \u00f6nbilgilendirme ticari ama\u00e7la yap\u0131lmaktad\u0131r.<\/p><p>Sipari\u015fin ger\u00e7ekle\u015fmesi durumunda ALICI i\u015fbu s\u00f6zle\u015fmenin t\u00fcm ko\u015fullar\u0131n\u0131 kabul etmi\u015f say\u0131l\u0131r.<br><br>L\u00fctfen dikkat: Kargo tutana\u011f\u0131n\u0131 imzalamadan \u00f6nce kargo paketinizin ta\u015f\u0131madan dolay\u0131 hasarl\u0131 olup olmad\u0131\u011f\u0131n\u0131 l\u00fctfen kontrol ediniz. Kargo paketinizde herhangi bir nedenle hasar var ise teslimatla ilgili hi\u00e7 bir belgeyi imzalamadan kargo yetkilisine tutanak tutulmas\u0131 i\u00e7in kargonuzu iade ediniz. Size taraf\u0131m\u0131zdan yeni \u00fcr\u00fcnleriniz derhal g\u00f6nderilecektir. Kargo paketi hasarl\u0131 olan \u00fcr\u00fcnlerin teslim al\u0131nmas\u0131 durumunda i\u00e7indeki \u00fcr\u00fcnlerin hasar\u0131ndan veya eksikli\u011finden boltekstil.com sorumlu de\u011fildir.<\/p>","protected":false},"excerpt":{"rendered":"<p>MADDE 1 \u2013 TARAFLAR1.1 \u2013 SATICIUnvan\u0131:\u00a0Bol TekstilAdresi: Adres: Saraylar MH. 420 SK. No:15 \u00d6zcan \u0130\u015f Merkez\u00ee no:43 Merkezefendi\/Denizli Telefon: +90 532 436 04 28E-posta: serkanbol@hotmail.com 1.2 \u2013 ALICI M\u00fc\u015fteri olarak boltekstil.com al\u0131\u015fveri\u015f sitesine \u00fcye olan ki\u015fi. \u00dcye olurken kullan\u0131lan adres ve ileti\u015fim bilgileri esas al\u0131n\u0131r. MADDE 2 \u2013 KONU\u0130\u015fbu s\u00f6zle\u015fmenin konusu, ALICI\u2019n\u0131n SATICI\u2019ya ait\u00a0boltekstil.com internet [&hellip;]<\/p>\n","protected":false},"author":3,"featured_media":0,"parent":0,"menu_order":0,"comment_status":"closed","ping_status":"closed","template":"","meta":{"footnotes":""},"class_list":["post-408","page","type-page","status-publish","hentry"],"jetpack_sharing_enabled":true,"_links":{"self":[{"href":"https:\/\/boltekstil.com\/index.php\/wp-json\/wp\/v2\/pages\/408","targetHints":{"allow":["GET"]}}],"collection":[{"href":"https:\/\/boltekstil.com\/index.php\/wp-json\/wp\/v2\/pages"}],"about":[{"href":"https:\/\/boltekstil.com\/index.php\/wp-json\/wp\/v2\/types\/page"}],"author":[{"embeddable":true,"href":"https:\/\/boltekstil.com\/index.php\/wp-json\/wp\/v2\/users\/3"}],"replies":[{"embeddable":true,"href":"https:\/\/boltekstil.com\/index.php\/wp-json\/wp\/v2\/comments?post=408"}],"version-history":[{"count":1,"href":"https:\/\/boltekstil.com\/index.php\/wp-json\/wp\/v2\/pages\/408\/revisions"}],"predecessor-version":[{"id":409,"href":"https:\/\/boltekstil.com\/index.php\/wp-json\/wp\/v2\/pages\/408\/revisions\/409"}],"wp:attachment":[{"href":"https:\/\/boltekstil.com\/index.php\/wp-json\/wp\/v2\/media?parent=408"}],"curies":[{"name":"wp","href":"https:\/\/api.w.org\/{rel}","templated":true}]}}