{"id":405,"date":"2024-08-14T14:17:40","date_gmt":"2024-08-14T11:17:40","guid":{"rendered":"https:\/\/boltekstil.com\/?page_id=405"},"modified":"2024-08-28T16:49:02","modified_gmt":"2024-08-28T13:49:02","slug":"kargo-ve-teslimat","status":"publish","type":"page","link":"https:\/\/boltekstil.com\/index.php\/kargo-ve-teslimat\/","title":{"rendered":"Kargo ve Teslimat"},"content":{"rendered":"<p class=\"has-black-color has-text-color\"><strong>Kargo Takip<br><\/strong>Kargolar\u0131n\u0131z\u0131 kargo takip no ile a\u015fa\u011f\u0131daki mod\u00fclden sorgulayabilirsiniz.<\/p><p>Kargo Takip<\/p><p class=\"has-black-color has-text-color\"><br><br>Sipari\u015flerde desi ve a\u011f\u0131rl\u0131\u011fa g\u00f6re \u00fccret de\u011fi\u015fmemektedir, kargo \u00fccreti sabittir. Desi ve a\u011f\u0131rl\u0131k kaynakl\u0131 olu\u015fan fark firmam\u0131z taraf\u0131ndan \u00f6denmektedir.<br><br>T\u00fcm T\u00fcrkiye&#8217;ye kargo g\u00f6nderimi yap\u0131lmaktad\u0131r. Aras Kargo ile g\u00f6nderilecektir.<br><br><strong>\u00dccretsiz Kargo<\/strong><\/p><p class=\"has-black-color has-text-color\">Kargo \u00fccretsizdir. De\u011fi\u015fikliklerin taraf\u0131m\u0131zca bilgilendirilmesi yap\u0131lacakt\u0131r.<br><br><strong>Ma\u011fazadan Teslim Al<br><\/strong>Kargo se\u00e7ene\u011fi sayfas\u0131nda &#8220;Ma\u011fazadan Teslim Al&#8221; se\u00e7ene\u011fini se\u00e7erek \u00fccretsiz bir \u015fekilde Denizli&#8217;deki ofisimizden sipari\u015finizi teslim alabilirsiniz.<\/p><p class=\"has-black-color has-text-color\">Ma\u011fazam\u0131za gelmeden \u00f6nce sitemiz \u00fczerinden sipari\u015finizi tamamlaman\u0131z gerekmektedir. M\u00fc\u015fterilerimizin sipari\u015flerini tamamlamadan geldi\u011fi durumlarda ilgili \u00fcr\u00fcnlerin sto\u011funun bitmesi veya piyasadaki de\u011fi\u015fken durumdan kaynakl\u0131 \u00fcr\u00fcnlerin zamlanmas\u0131 gibi sonu\u00e7lar do\u011fabilir.<br><br>Sipari\u015f vermeden ma\u011fazam\u0131za geldi\u011finiz takdirde de \u00fcyeli\u011finiz \u00fczerinden sipari\u015fin ge\u00e7ilmesi gerekece\u011fi i\u00e7in hem bu s\u00fcre\u00e7 hem de \u00fcr\u00fcnlerin haz\u0131rlanmas\u0131n\u0131n zaman almas\u0131ndan dolay\u0131 zaman kayb\u0131 ya\u015fayabilirsiniz.<br><br>Adres: Saraylar MH. 420 SK. No:15 \u00d6zcan \u0130\u015f Merkez\u00ee no:43<br>Merkezefendi\/Denizli<\/p><p class=\"has-black-color has-text-color\"><br><br><strong>Kargo S\u00fcresi<br><\/strong>Sipari\u015fleriniz, banka onay\u0131 al\u0131nd\u0131ktan sonra saat 16:00&#8217;dan \u00f6nceki sipari\u015fler i\u00e7in hafta i\u00e7i ayn\u0131 g\u00fcn i\u00e7erisinde kargoya teslim edilir. Cumartesi g\u00fcn\u00fc 12:00&#8217;den \u00f6nce verilen sipari\u015fler ayn\u0131 g\u00fcn kargoya verilmektedir.<br><br>Bayram g\u00fcnlerinde ayn\u0131 g\u00fcn kargo durumu de\u011fi\u015fiklik g\u00f6sterebilmektedir. Sipari\u015finiz acil ise bizimle ileti\u015fime ge\u00e7erek bilgi alabilirsiniz.<br><br>Teslimat adresinin depomuza uzakl\u0131\u011f\u0131na g\u00f6re kargo \u015firketi 1-3 g\u00fcn i\u00e7erisinde sipari\u015finizi size ula\u015ft\u0131racakt\u0131r.<br><br>\u00d6zel \u00fcretim \u00fcr\u00fcnlerin teslim s\u00fcreleri imalat zaman\u0131na g\u00f6re farkl\u0131l\u0131k g\u00f6stermektedir. Bu t\u00fcr \u00fcr\u00fcnlerin teslimat bilgileri ve s\u00fcreleri \u00fcr\u00fcn sayfalar\u0131nda belirtilmi\u015ftir.<br><br>Taraf\u0131m\u0131zdan kaynaklanan bir aksilik olmas\u0131 halinde ise size \u00fcyelik bilgilerinizden yola \u00e7\u0131k\u0131larak haber verilecektir. Bu y\u00fczden \u00fcyelik bilgilerinizin eksiksiz ve do\u011fru olmas\u0131 \u00f6nemlidir. Bayram ve tatil g\u00fcnlerinde teslimat yap\u0131lmamaktad\u0131r.<br><br>Sat\u0131n ald\u0131\u011f\u0131n\u0131z \u00fcr\u00fcnler bir teyit e-postas\u0131 ile taraf\u0131n\u0131za bildirilecektir. Se\u00e7ti\u011finiz \u00fcr\u00fcnlerden herhangi birinin stokta mevcut olmamas\u0131 durumunda konu ile ilgili bir e-posta size yollanacak ve \u00fcr\u00fcn\u00fcn stoklara girece\u011fi tarih taraf\u0131n\u0131za bildirilecektir.<br><br>boltekstil.com online al\u0131\u015fveri\u015f sitesidir. Ayn\u0131 anda birden \u00e7ok kullan\u0131c\u0131ya al\u0131\u015fveri\u015f yapma imkan\u0131 tan\u0131r. Ender de olsa birden \u00e7ok t\u00fcketicinin ayn\u0131 \u00fcr\u00fcn\u00fc almas\u0131 ve \u00fcr\u00fcn\u00fcn sto\u011funun kalmamas\u0131 s\u00f6z konusudur. Bu durumda;&nbsp;<br><br>\u00d6demesini internet \u00fczerinden yapt\u0131\u011f\u0131n\u0131z \u00fcr\u00fcn e\u011fer stoklarm\u0131zda kalmam\u0131\u015f ise en az 4 (D\u00f6rt) en fazla 30 (otuz) g\u00fcn bekleme s\u00fcresi vard\u0131r. \u00dcr\u00fcn bu tarihleri aras\u0131nda t\u00fcketiciye verilemez ise yapt\u0131\u011f\u0131 \u00f6deme kendisine iade edilir.<\/p>","protected":false},"excerpt":{"rendered":"<p>Kargo TakipKargolar\u0131n\u0131z\u0131 kargo takip no ile a\u015fa\u011f\u0131daki mod\u00fclden sorgulayabilirsiniz. Kargo Takip Sipari\u015flerde desi ve a\u011f\u0131rl\u0131\u011fa g\u00f6re \u00fccret de\u011fi\u015fmemektedir, kargo \u00fccreti sabittir. Desi ve a\u011f\u0131rl\u0131k kaynakl\u0131 olu\u015fan fark firmam\u0131z taraf\u0131ndan \u00f6denmektedir. T\u00fcm T\u00fcrkiye&#8217;ye kargo g\u00f6nderimi yap\u0131lmaktad\u0131r. Aras Kargo ile g\u00f6nderilecektir. \u00dccretsiz Kargo Kargo \u00fccretsizdir. De\u011fi\u015fikliklerin taraf\u0131m\u0131zca bilgilendirilmesi yap\u0131lacakt\u0131r. Ma\u011fazadan Teslim AlKargo se\u00e7ene\u011fi sayfas\u0131nda &#8220;Ma\u011fazadan Teslim Al&#8221; [&hellip;]<\/p>\n","protected":false},"author":3,"featured_media":0,"parent":0,"menu_order":0,"comment_status":"closed","ping_status":"closed","template":"","meta":{"footnotes":""},"class_list":["post-405","page","type-page","status-publish","hentry"],"jetpack_sharing_enabled":true,"_links":{"self":[{"href":"https:\/\/boltekstil.com\/index.php\/wp-json\/wp\/v2\/pages\/405","targetHints":{"allow":["GET"]}}],"collection":[{"href":"https:\/\/boltekstil.com\/index.php\/wp-json\/wp\/v2\/pages"}],"about":[{"href":"https:\/\/boltekstil.com\/index.php\/wp-json\/wp\/v2\/types\/page"}],"author":[{"embeddable":true,"href":"https:\/\/boltekstil.com\/index.php\/wp-json\/wp\/v2\/users\/3"}],"replies":[{"embeddable":true,"href":"https:\/\/boltekstil.com\/index.php\/wp-json\/wp\/v2\/comments?post=405"}],"version-history":[{"count":2,"href":"https:\/\/boltekstil.com\/index.php\/wp-json\/wp\/v2\/pages\/405\/revisions"}],"predecessor-version":[{"id":554,"href":"https:\/\/boltekstil.com\/index.php\/wp-json\/wp\/v2\/pages\/405\/revisions\/554"}],"wp:attachment":[{"href":"https:\/\/boltekstil.com\/index.php\/wp-json\/wp\/v2\/media?parent=405"}],"curies":[{"name":"wp","href":"https:\/\/api.w.org\/{rel}","templated":true}]}}