{"id":395,"date":"2024-08-14T13:50:40","date_gmt":"2024-08-14T10:50:40","guid":{"rendered":"https:\/\/boltekstil.com\/?page_id=395"},"modified":"2024-08-14T20:48:46","modified_gmt":"2024-08-14T17:48:46","slug":"garanti-ve-iade","status":"publish","type":"page","link":"https:\/\/boltekstil.com\/index.php\/garanti-ve-iade\/","title":{"rendered":"Garanti ve \u0130ade"},"content":{"rendered":"\t\t<div data-elementor-type=\"wp-page\" data-elementor-id=\"395\" class=\"elementor elementor-395\">\n\t\t\t\t<div class=\"elementor-element elementor-element-6ace1e1 e-flex e-con-boxed e-con e-parent\" data-id=\"6ace1e1\" data-element_type=\"container\">\n\t\t\t\t\t<div class=\"e-con-inner\">\n\t\t\t\t<div class=\"elementor-element elementor-element-bc542f3 elementor-widget elementor-widget-text-editor\" data-id=\"bc542f3\" data-element_type=\"widget\" data-widget_type=\"text-editor.default\">\n\t\t\t\t<div class=\"elementor-widget-container\">\n\t\t\t\t\t\t\t\t\t<p><strong>Garanti<br \/><\/strong><br \/>\u00dcr\u00fcnlerimiz, \u00fcr\u00fcn a\u00e7\u0131klamas\u0131nda \u00f6zellikle aksi belirtilmedik\u00e7e yasal olarak yedek par\u00e7a stat\u00fcs\u00fcndeki \u00fcr\u00fcnler olarak ge\u00e7mektedir. Kapal\u0131 bir \u015fekilde de\u011fil, a\u00e7\u0131k devre \u015feklinde sat\u0131\u015fa sunulduklar\u0131 i\u00e7in hata yapmaya \u00e7ok m\u00fcsaittir ve bu y\u00fczden \u00fcr\u00fcnlerimize sadece ilk \u00e7al\u0131\u015fma garantisi verilir.<\/p><p>Garanti ko\u015fullar\u0131n\u0131n ge\u00e7erli olabilmesi i\u00e7in kargo teslimat\u0131 esnas\u0131nda \u00fcr\u00fcn\u00fc mutlaka kontrol ediniz. Herhangi bir hasar g\u00f6rd\u00fc\u011f\u00fcn\u00fczde tutanak tutturarak \u00fcr\u00fcn\u00fc teslim almay\u0131n\u0131z. \u00dcr\u00fcn \u00fczerinde yap\u0131lan de\u011fi\u015fiklikler, \u00fcr\u00fcn\u00fcn deforme olmas\u0131 ya da \u00fcr\u00fcn\u00fcn orijinal dizayn\u0131n\u0131n bozulmas\u0131 garanti kapsam\u0131 d\u0131\u015f\u0131ndad\u0131r.<\/p><p><strong>\u0130ade<\/strong><\/p><p>Sitemiz \u00fczerinden sat\u0131n ald\u0131\u011f\u0131n\u0131z \u00fcr\u00fcn\u00fcn teslimat tarihinden itibaren en ge\u00e7 14 g\u00fcn i\u00e7erisinde \u201cBol Tekstil\u201d ad\u0131na, \u201cSaraylar MH. 420 SK. No:15 \u00d6zcan \u0130\u015f Merkez\u00ee no:43<br \/>Merkezefendi\/Denizli\u201d adresine a\u015fa\u011f\u0131da belirtilen ko\u015fullar dahilinde \u0130ade B\u00f6l\u00fcm\u00fc sizin taraf\u0131n\u0131zdan doldurulmu\u015f fatura \u00e7\u0131kt\u0131s\u0131 ile birlikte iade edebilirsiniz.(*) Bu kapsamda geri g\u00f6nderece\u011finiz \u00fcr\u00fcnler i\u00e7in herhangi bir kargo bedeli \u00f6demezsiniz. \u0130ade edilecek \u00fcr\u00fcne ait, hediye olarak verilen promosyonlar\u0131n ve kampanyal\u0131 \u00fcr\u00fcnlerin de ayn\u0131 anda iade edilmesi gerekti\u011fi gibi varsa ili\u015fkili hediye \u00e7ekleri de iptal edilir. \u0130ade i\u015fleminin aksamamas\u0131 i\u00e7in <a href=\"serkanbol@hotmail.com\">serkanbol@hotmail.com<\/a>\u00a0e-posta adresine konuyla ilgili bildirimde bulunabilirsiniz.<\/p><p>\u0130ade edilen \u00fcr\u00fcnlerin tutar\u0131 sipari\u015f bedelinden d\u00fc\u015f\u00fcld\u00fc\u011f\u00fcnde sipari\u015f bedeli \u00fccretsiz kargo kampanyas\u0131n\u0131n d\u0131\u015f\u0131nda (bedelin alt\u0131nda) kald\u0131\u011f\u0131 takdirde \u00fccret iadesi kargo \u00fccreti d\u00fc\u015f\u00fclerek yap\u0131lmaktad\u0131r.<\/p><p>\u00d6rnek olarak; 475 TL tutar\u0131ndaki bir sipari\u015fte 50 TL de\u011ferinde \u00fcr\u00fcn iade edilirse sipari\u015fin tutar\u0131 425 TL\u2019ye d\u00fc\u015fece\u011fi i\u00e7in \u201c450 TL ve \u00dczeri \u00dccretsiz Kargo\u201d kampanyas\u0131 kapsam\u0131 d\u0131\u015f\u0131nda kalacakt\u0131r. \u00dccret iadesi 50 TL \u2013 Kargo \u00fccreti \u015feklinde ger\u00e7ekle\u015ftirilecektir.<\/p><p>*Faturas\u0131 kurum ad\u0131na d\u00fczenlenmi\u015f \u00fcr\u00fcnlerin iadesi i\u00e7in iade faturas\u0131 kurum taraf\u0131ndan d\u00fczenlenmelidir. D\u00fczenlenen iade faturas\u0131, kargo pay\u0131 dahil edilmeden (\u00fcr\u00fcn birim fiyat\u0131 + KDV \u015feklinde) d\u00fczenlenmelidir.<\/p><p><strong>\u0130ade Ko\u015fullar\u0131<br \/><\/strong><br \/><strong>a)<\/strong>\u00a0Tesliminden sonra ambalaj, bant, m\u00fch\u00fcr, paket gibi koruyucu unsurlar\u0131 a\u00e7\u0131lm\u0131\u015f olan mallardan; iadesi sa\u011fl\u0131k ve hijyen a\u00e7\u0131s\u0131ndan uygun olmayan mallar\u00a0i\u00e7in cayma hakk\u0131 kullan\u0131lamaz.<\/p><p><strong>b)<\/strong>\u00a0T\u00fcketicinin istekleri ile \u015fekillenip ki\u015fiye \u00f6zel do\u011frultuda haz\u0131rlanan mallar, son kullanma tarihi ge\u00e7me ihtimali olan ve \u00e7abuk bozulan mallar i\u00e7in cayma hakk\u0131 kullan\u0131lamaz.<\/p><p><strong>c)<\/strong>\u00a0Tesliminden sonra ba\u015fka \u00fcr\u00fcnlerle kar\u0131\u015fan ve do\u011fas\u0131 gere\u011fi ayr\u0131\u015ft\u0131r\u0131lmas\u0131 m\u00fcmk\u00fcn olmayan mallar\u00a0i\u00e7in cayma hakk\u0131 kullan\u0131lamaz.<\/p><p><strong>d)<\/strong> Ambalajl\u0131 \u00fcr\u00fcnlerde cayma hakk\u0131n\u0131n kullan\u0131lmas\u0131 i\u00e7in, \u00fcr\u00fcn\u00fcn ambalaj\u0131n\u0131n a\u00e7\u0131lmam\u0131\u015f, bozulmam\u0131\u015f ve \u00fcr\u00fcn\u00fcn kullan\u0131lmam\u0131\u015f olmas\u0131 gerekmektedir. Orijinal ambalaj\u0131 olmadan iade olarak g\u00f6nderilen \u00fcr\u00fcnlerin iadesi kabul edilmeyecektir.<\/p><p>\u0130ade edilen \u00fcr\u00fcnler teslim al\u0131nd\u0131ktan sonra Bol Tekstil taraf\u0131ndan ambalaj\u0131, aksesuarlar\u0131 ve faturas\u0131 kontrol edilecektir.<\/p><p>Bu bilgileri takiben kargo \u015firketi ile bize ula\u015ft\u0131raca\u011f\u0131n\u0131z hatal\u0131 \u00fcr\u00fcnde iade esnas\u0131ndaki talebinize g\u00f6re bedeli tutar\u0131nda hediye \u00e7eki taraf\u0131n\u0131za tan\u0131mlanabilir, 3 i\u015f g\u00fcn\u00fc i\u00e7erisinde \u00fcr\u00fcn\u00fcn bedeli taraf\u0131n\u0131za geri \u00f6denebilir ya da yenisi ile de\u011fi\u015ftirilebilir. \u00dcr\u00fcn bedeli geri \u00f6denmesinde \u00f6deme \u015fekli \u201cKredi Kart\u0131\u201d ise online olarak kredi kart\u0131n\u0131za, \u201cHavale\/EFT\u201d veya \u201cKap\u0131da \u00d6deme\u201d ise bildirdi\u011finiz IBAN\u2019a ait hesaba para iadesi yap\u0131lacakt\u0131r. \u0130adenin hesab\u0131n\u0131za\/kart\u0131n\u0131za yans\u0131mas\u0131 bankalar\u0131n i\u015flem s\u00fcrelerine g\u00f6re de\u011fi\u015fkenlik g\u00f6sterebilir.<\/p><p>Sipari\u015f edilen \u00fcr\u00fcn hatas\u0131 m\u00fc\u015fteri kullan\u0131m\u0131ndan olu\u015fmu\u015fsa veya 14 g\u00fcnl\u00fck s\u00fcre i\u00e7erisinde \u00fcr\u00fcn kullan\u0131lm\u0131\u015fsa \u00fcr\u00fcn\u00fcn iade ve de\u011fi\u015fimi yap\u0131lmaz. \u00dcr\u00fcn iadesi ve de\u011fi\u015ftirme \u015fartlar\u0131 olarak, 4077 say\u0131l\u0131 T\u00fcketicinin Korunmas\u0131 Hakk\u0131nda Kanun gere\u011fi uygulamalar esast\u0131r.<\/p><p><strong>Hasarl\u0131 ya da deforme olmu\u015f \u00fcr\u00fcn<\/strong><\/p><p>\u00dcr\u00fcn\u00fc teslim al\u0131rken kargo g\u00f6revlisi yan\u0131nda \u00fcr\u00fcnde fark edilir bir hasar ya da kargo ve ambalaj\u0131nda deforme olup olmad\u0131\u011f\u0131n\u0131 kontrol etmenizi tavsiye ederiz. E\u011fer kontrolleriniz sonucunda bir herhangi bir deformasyon tespit ederseniz, g\u00f6revliden \u201cHasar Tespit Tutana\u011f\u0131\u201d tutmas\u0131n\u0131 talep edip ayn\u0131 g\u00f6revli ile kargoyu geri yollaman\u0131z\u0131 rica ederiz. Kargo tespit tutana\u011f\u0131, \u00fcr\u00fcn hasarl\u0131 ya da deforme olmu\u015f ise gereklidir. Aksi takdirde hasar bildirimi kabul edilmeyebilir.<\/p><p>Kargo \u015firketi taraf\u0131ndan Bol Tekstil&#8217;e, \u00fcr\u00fcn\u00fcn hasarl\u0131 oldu\u011fu hakk\u0131nda bilgi verildi\u011finde; iade prosed\u00fcr\u00fcne ba\u015flan\u0131lacak ve \u00fcr\u00fcn tutar\u0131 iade edilecektir.<\/p><p><strong>Ar\u0131zal\u0131 ya da bozuk \u00dcr\u00fcn<\/strong><\/p><p>T\u00fcm \u00fcr\u00fcnlerimize ilk \u00e7al\u0131\u015fma garantisi verilir. \u00dcr\u00fcn\u00fcn\u00fcz\u00fcn ilk \u00e7al\u0131\u015fmas\u0131 esnas\u0131nda ar\u0131za problemi ya\u015faman\u0131z halinde garanti kapsam\u0131nda iade\/tamirat vb. s\u00fcre\u00e7ler i\u00e7in yap\u0131lmas\u0131 gerekenler ve i\u015fleyi\u015f a\u015fa\u011f\u0131da belirtilmi\u015ftir:<\/p><p>Teslimat\u0131n ger\u00e7ekle\u015fmesinin akabinde 14 g\u00fcn i\u00e7erisinde serkanbol@hotmail.com adresine e-posta atarak \u00fcr\u00fcn\u00fcn ar\u0131zal\u0131\/bozuk oldu\u011funu mutlaka bize bildirmeniz gerekmektedir.<\/p><p>Buraya t\u0131klayarak ar\u0131zal\u0131 ya da bozuk oldu\u011funu d\u00fc\u015f\u00fcnd\u00fc\u011f\u00fcn\u00fcz \u00fcr\u00fcn i\u00e7in \u201cAr\u0131zal\u0131 \u00dcr\u00fcn Kabul Formu\u201d indirip doldurunuz.<\/p><p>Fatura \u00e7\u0131kt\u0131s\u0131 \u00fczerindeki \u0130ade B\u00f6l\u00fcm\u00fc\u2019n\u00fc ve doldumu\u015f oldu\u011funuz Ar\u0131zal\u0131 \u00dcr\u00fcn Kabul Formu\u2019nu ar\u0131zal\u0131\/bozuk oldu\u011funu d\u00fc\u015f\u00fcnd\u00fc\u011f\u00fcn\u00fcz \u00fcr\u00fcn ile birlikte bize g\u00f6nderiniz. A\u015fa\u011f\u0131daki adrese, yine a\u015fa\u011f\u0131da bildirilen kargo firmalar\u0131 ile kar\u015f\u0131lar\u0131ndaki anla\u015fma numaras\u0131n\u0131 belirtip al\u0131c\u0131 \u00f6demeli g\u00f6nderebilirsiniz:<\/p><p>Bol Tekstil Saraylar MH. 420 SK. No:15 \u00d6zcan \u0130\u015f Merkez\u00ee no:43<br \/>Merkezefendi\/Denizli<\/p><p>Kargo ile g\u00f6ndermi\u015f oldu\u011funuz ar\u0131zal\u0131\/bozuk bildirimi yap\u0131lan \u00fcr\u00fcn Bol Tekstil taraf\u0131ndan teslim al\u0131nd\u0131ktan sonra ambalaj\u0131 ve aksesuarlar\u0131 kontrol edilir ve incelenmek \u00fczere teknik ekibimize iletilir.<\/p><p>Teknik ekip taraf\u0131ndan yap\u0131lan testler ve incelemeler en fazla 1 hafta s\u00fcrer.<\/p><p>Ar\u0131za tespiti s\u0131ras\u0131nda bilgi almak amac\u0131yla sizinle e-posta ile ileti\u015fime ge\u00e7ilecektir. 3 i\u015f g\u00fcn\u00fc i\u00e7erisinde size ula\u015famamam\u0131z durumunda \u00fcr\u00fcn\u00fcn\u00fcz teknik \u00e7al\u0131\u015fmalara devam edilmeksizin 30 g\u00fcnl\u00fck beklemeye al\u0131n\u0131r ve cihazla ilgili bir i\u015flem yap\u0131lmaz.<\/p><p>Test ve incelemeler sonucunda belirtti\u011finiz \u015fekilde sorunlu \u00fcr\u00fcn durumu tespit edilirse, tercihiniz do\u011frultusunda ya \u00fcr\u00fcn yenisi ile de\u011fi\u015ftirilir, ya da 3 i\u015f g\u00fcn\u00fc i\u00e7inde \u201c\u00fcr\u00fcn bedeli\u201d taraf\u0131n\u0131za geri \u00f6denir. Bu durumdaki t\u00fcm kargo giderleri Bol Tekstil\u00a0 taraf\u0131ndan kar\u015f\u0131lanacakt\u0131r.<\/p><p>Garanti kapsam\u0131ndaki \u00fcr\u00fcnlerde kullan\u0131c\u0131 hatas\u0131ndan kaynaklanan ar\u0131za\/kusur, \u201ckullan\u0131c\u0131 hatas\u0131\u201d (d\u00fc\u015f\u00fcrme, s\u0131v\u0131 temas\u0131, hatal\u0131 ba\u011flant\u0131 vb.) olarak tespit edilirse \u00fcr\u00fcn de\u011fi\u015fimi ve \u00fccret iadesi yap\u0131lmamaktad\u0131r. Bu gibi durumlarda t\u00fcm kargo giderleri m\u00fc\u015fteri taraf\u0131ndan kar\u015f\u0131lan\u0131r.<\/p><p>\u00dcr\u00fcn\u00fcn\u00fczde belirtilen \u015fekilde herhangi bir sorun tespit edilmemesi durumunda ise \u00fcr\u00fcn\u00fcn \u00e7al\u0131\u015ft\u0131r\u0131lmas\u0131 ile ilgili m\u00fc\u015fteriye e-posta yolu ile bildirimde bulunarak \u00fcr\u00fcn\u00fc m\u00fc\u015fteriye geri g\u00f6ndeririz. Bu durumda t\u00fcm kargo giderleri m\u00fc\u015fteri taraf\u0131ndan kar\u015f\u0131lan\u0131r.<\/p><p>Teknik testler sonucunda \u00fcr\u00fcn ile ilgili son durum hakk\u0131nda sizinle e-posta yolu ile ileti\u015fime ge\u00e7ilerek bildirimde bulunulur. Sonuca g\u00f6re de\u011fi\u015fimi yap\u0131lacak ya da sorunsuz oldu\u011fu tespit edilen \u00fcr\u00fcn i\u00e7in teslimat bilgisi istenir ve kargo g\u00f6nderimleri i\u00e7in takip numaras\u0131 size iletilir. 3 i\u015f g\u00fcn\u00fc i\u00e7erisinde teslim al\u0131nmayan ya da g\u00fcncel teslimat adresi iletilmeyen \u00fcr\u00fcnler 30 g\u00fcnl\u00fck beklemeye al\u0131n\u0131r ve \u00fcr\u00fcnle ilgili hi\u00e7bir i\u015flem yap\u0131lmaz. 30 g\u00fcnl\u00fck bekleme s\u00fcresi i\u00e7erisinde teslim al\u0131nmayan \u00fcr\u00fcnlerden firmam\u0131z sorumlu de\u011fildir.<\/p><p>Haf\u0131zal\u0131 \u00fcr\u00fcnlerde sisteminizde yedeklerinizin olmamas\u0131 ve cihaza yap\u0131lacak i\u015flemlerden sonra olu\u015facak veri kay\u0131plar\u0131ndan firmam\u0131z sorumlu tutulamaz.<\/p><p>Servisimizde korsan, kopya ve lisanss\u0131z hi\u00e7bir yaz\u0131l\u0131m y\u00fcklenmez. \u00d6nceden y\u00fcklenmi\u015f bu t\u00fcr yaz\u0131l\u0131mlar i\u00e7in servisimiz sorumlu tutulamaz.<\/p><p><strong>Eksik \u00dcr\u00fcn\/Aksesuar<br \/><\/strong><\/p><p><strong>a)<\/strong>\u00a0Sipari\u015fleriniz i\u00e7in haz\u0131rlad\u0131\u011f\u0131m\u0131z faturalar\u0131n\u0131z \u00fcr\u00fcn paketleri \u00fczerinde bulunan \u015feffaf bir po\u015fet i\u00e7inde, g\u00f6r\u00fcn\u00fcr \u015fekilde taraf\u0131n\u0131za g\u00f6nderilir. Sat\u0131n ald\u0131\u011f\u0131n\u0131z \u00fcr\u00fcne ait faturan\u0131z\u0131n sistemimize kay\u0131t olurken kulland\u0131\u011f\u0131n\u0131z mail adresinize g\u00f6nderilir.<\/p><p><strong>b)<\/strong>\u00a0Eksik \u00dcr\u00fcn\/Aksesuar durumlar\u0131nda \u00f6ncelikle size ula\u015fan fatura ile teslim edilen paket i\u00e7erisindeki \u00fcr\u00fcnleri kar\u015f\u0131la\u015ft\u0131rarak kontrol etmenizi \u00f6nemle rica ederiz. Sipari\u015finizde k\u0131smi teslimat (ayn\u0131 sipari\u015fteki \u00fcr\u00fcnlerin ayr\u0131 ayr\u0131 paketlenerek g\u00f6nderimi) i\u015flemi de yap\u0131lm\u0131\u015f olabilir. \u201cSipari\u015f Takibi\u201d sayfas\u0131ndan sipari\u015flerinizin kargoya verilme tarihlerini ve \u00fcr\u00fcn durumunu kontrol edebilirsiniz.<\/p><p><strong>c)<\/strong> Kontrolleriniz sonras\u0131nda size eksik \u00fcr\u00fcn g\u00f6nderimi yap\u0131ld\u0131\u011f\u0131n\u0131 tespit ettiyseniz teslimat\u0131n ger\u00e7ekle\u015fmesinin akabinde 14 g\u00fcn i\u00e7erisinde serkanbol@hotmail.com adresine \u201cSipari\u015fimde Eksik \u00dcr\u00fcn Var\u201d \u015feklinde bize e-posta yolu ile bildirimde bulunman\u0131z gerekmektedir, eksik olan \u00fcr\u00fcn 10 i\u015f g\u00fcn\u00fc i\u00e7erisinde adresinize \u00fccretsiz kargo ile g\u00f6nderilir.<\/p><p><strong>d)<\/strong> Kontrolleriniz sonras\u0131nda sat\u0131n ald\u0131\u011f\u0131n\u0131z bir \u00fcr\u00fcn\u00fcn herhangi bir par\u00e7as\u0131n\u0131n eksik oldu\u011funu tespit ettiyseniz teslimat\u0131n ger\u00e7ekle\u015fmesinin akabinde 14 g\u00fcn i\u00e7erisinde serkanbol@hotmail.com adresine \u201c\u00dcr\u00fcn Aparat\u0131\/Aksesuar\u0131 Eksik\u201d \u015feklinde bize e-posta yolu ile bildirimde bulunman\u0131z gerekmektedir, eksik olan par\u00e7a \u00fcretici firmadan talep edilerek 10 i\u015f g\u00fcn\u00fc i\u00e7erisinde adresinize \u00fccretsiz kargo ile g\u00f6nderilir.<\/p><p><strong>Yanl\u0131\u015f \u00dcr\u00fcn<br \/><\/strong><\/p><p><strong>a)<\/strong> Sipari\u015fini verdi\u011finiz\/faturan\u0131zda yazan \u00fcr\u00fcn ile teslim edilen \u00fcr\u00fcn birbiri ile ayn\u0131 de\u011filse teslimat\u0131n ger\u00e7ekle\u015fmesinin akabinde 14 g\u00fcn i\u00e7erisinde \u201c\u0130ade ve Geri G\u00f6nderim\u201d \u015feklinde belirterek serkanbol@hotmail.com adresine bildirimde bulunman\u0131z gerekmektedir.<\/p><p><strong>b)<\/strong>\u00a0Ba\u015fvurunuzun ard\u0131ndan size iletti\u011fimiz \u201ckargo g\u00f6nderi kodu\u201d ile yanl\u0131\u015f \u00fcr\u00fcn\u00fc bize kargo \u00fccreti \u00f6demeden geri g\u00f6nderebilirsiniz.<\/p><p><strong>c)<\/strong> \u00dcr\u00fcn Bol Tesktil taraf\u0131ndan teslim al\u0131nd\u0131ktan sonra ambalaj\u0131 ve aksesuarlar\u0131 incelenmek \u00fczere tedarik\u00e7i firma ve lojistik kontrol\u00fcne al\u0131n\u0131r. \u00dcr\u00fcnde\/ambalaj\u0131nda herhangi bir bozulma tespit edilmemesi halinde ise do\u011fru \u00fcr\u00fcn adresinize kargo \u00fccretsiz g\u00f6nderilir.<\/p><p><strong>d)<\/strong>\u00a0\u00dcr\u00fcnle ilgili yap\u0131lan incelemede \u00fcr\u00fcnde herhangi bir yanl\u0131\u015fl\u0131k tespit edilemez ise size de bilgisi verilerek iadesi al\u0131nabilir.<\/p>\t\t\t\t\t\t\t\t<\/div>\n\t\t\t\t<\/div>\n\t\t\t\t\t<\/div>\n\t\t\t\t<\/div>\n\t\t\t\t<\/div>\n\t\t","protected":false},"excerpt":{"rendered":"<p>Garanti\u00dcr\u00fcnlerimiz, \u00fcr\u00fcn a\u00e7\u0131klamas\u0131nda \u00f6zellikle aksi belirtilmedik\u00e7e yasal olarak yedek par\u00e7a stat\u00fcs\u00fcndeki \u00fcr\u00fcnler olarak ge\u00e7mektedir. Kapal\u0131 bir \u015fekilde de\u011fil, a\u00e7\u0131k devre \u015feklinde sat\u0131\u015fa sunulduklar\u0131 i\u00e7in hata yapmaya \u00e7ok m\u00fcsaittir ve bu y\u00fczden \u00fcr\u00fcnlerimize sadece ilk \u00e7al\u0131\u015fma garantisi verilir. Garanti ko\u015fullar\u0131n\u0131n ge\u00e7erli olabilmesi i\u00e7in kargo teslimat\u0131 esnas\u0131nda \u00fcr\u00fcn\u00fc mutlaka kontrol ediniz. Herhangi bir hasar g\u00f6rd\u00fc\u011f\u00fcn\u00fczde tutanak tutturarak [&hellip;]<\/p>\n","protected":false},"author":3,"featured_media":0,"parent":0,"menu_order":0,"comment_status":"closed","ping_status":"closed","template":"","meta":{"footnotes":""},"class_list":["post-395","page","type-page","status-publish","hentry"],"jetpack_sharing_enabled":true,"_links":{"self":[{"href":"https:\/\/boltekstil.com\/index.php\/wp-json\/wp\/v2\/pages\/395","targetHints":{"allow":["GET"]}}],"collection":[{"href":"https:\/\/boltekstil.com\/index.php\/wp-json\/wp\/v2\/pages"}],"about":[{"href":"https:\/\/boltekstil.com\/index.php\/wp-json\/wp\/v2\/types\/page"}],"author":[{"embeddable":true,"href":"https:\/\/boltekstil.com\/index.php\/wp-json\/wp\/v2\/users\/3"}],"replies":[{"embeddable":true,"href":"https:\/\/boltekstil.com\/index.php\/wp-json\/wp\/v2\/comments?post=395"}],"version-history":[{"count":8,"href":"https:\/\/boltekstil.com\/index.php\/wp-json\/wp\/v2\/pages\/395\/revisions"}],"predecessor-version":[{"id":410,"href":"https:\/\/boltekstil.com\/index.php\/wp-json\/wp\/v2\/pages\/395\/revisions\/410"}],"wp:attachment":[{"href":"https:\/\/boltekstil.com\/index.php\/wp-json\/wp\/v2\/media?parent=395"}],"curies":[{"name":"wp","href":"https:\/\/api.w.org\/{rel}","templated":true}]}}