{"id":357,"date":"2024-08-10T13:48:20","date_gmt":"2024-08-10T10:48:20","guid":{"rendered":"https:\/\/boltekstil.com\/index.php\/sepet\/"},"modified":"2024-08-10T13:48:20","modified_gmt":"2024-08-10T10:48:20","slug":"sepet","status":"publish","type":"page","link":"https:\/\/boltekstil.com\/index.php\/sepet\/","title":{"rendered":"Sepet"},"content":{"rendered":"<div data-block-name=\"woocommerce\/cart\" class=\"wp-block-woocommerce-cart alignwide is-loading\"><div data-block-name=\"woocommerce\/filled-cart-block\" class=\"wp-block-woocommerce-filled-cart-block\"><div data-block-name=\"woocommerce\/cart-items-block\" class=\"wp-block-woocommerce-cart-items-block\"><div data-block-name=\"woocommerce\/cart-line-items-block\" class=\"wp-block-woocommerce-cart-line-items-block\"><\/div>\n\n<div data-block-name=\"woocommerce\/cart-cross-sells-block\" class=\"wp-block-woocommerce-cart-cross-sells-block\"><h2 class=\"wp-block-heading has-large-font-size\">\u0130lginizi \u00e7ekebilir\u2026<\/h2>\n\n<div data-block-name=\"woocommerce\/cart-cross-sells-products-block\" class=\"wp-block-woocommerce-cart-cross-sells-products-block\"><\/div><\/div><\/div>\n\n<div data-block-name=\"woocommerce\/cart-totals-block\" class=\"wp-block-woocommerce-cart-totals-block\"><div data-block-name=\"woocommerce\/cart-order-summary-block\" class=\"wp-block-woocommerce-cart-order-summary-block\"><div data-block-name=\"woocommerce\/cart-order-summary-heading-block\" class=\"wp-block-woocommerce-cart-order-summary-heading-block\"><\/div><div data-block-name=\"woocommerce\/cart-order-summary-coupon-form-block\" class=\"wp-block-woocommerce-cart-order-summary-coupon-form-block\"><\/div><div data-block-name=\"woocommerce\/cart-order-summary-totals-block\" class=\"wp-block-woocommerce-cart-order-summary-totals-block\">\n<div data-block-name=\"woocommerce\/cart-order-summary-subtotal-block\" class=\"wp-block-woocommerce-cart-order-summary-subtotal-block\"><\/div>\n<div data-block-name=\"woocommerce\/cart-order-summary-discount-block\" class=\"wp-block-woocommerce-cart-order-summary-discount-block\"><\/div>\n<div data-block-name=\"woocommerce\/cart-order-summary-fee-block\" class=\"wp-block-woocommerce-cart-order-summary-fee-block\"><\/div>\n<div data-block-name=\"woocommerce\/cart-order-summary-shipping-block\" class=\"wp-block-woocommerce-cart-order-summary-shipping-block\"><\/div>\n<div data-block-name=\"woocommerce\/cart-order-summary-taxes-block\" class=\"wp-block-woocommerce-cart-order-summary-taxes-block\"><\/div><\/div><\/div>\n\n<div data-block-name=\"woocommerce\/cart-express-payment-block\" class=\"wp-block-woocommerce-cart-express-payment-block\"><\/div>\n\n<div data-block-name=\"woocommerce\/proceed-to-checkout-block\" class=\"wp-block-woocommerce-proceed-to-checkout-block\"><\/div>\n\n<div data-block-name=\"woocommerce\/cart-accepted-payment-methods-block\" class=\"wp-block-woocommerce-cart-accepted-payment-methods-block\"><\/div><\/div><\/div>\n\n<div data-block-name=\"woocommerce\/empty-cart-block\" class=\"wp-block-woocommerce-empty-cart-block\"><h2 class=\"wp-block-heading has-text-align-center with-empty-cart-icon wc-block-cart__empty-cart__title\">Sepetiniz \u015fu anda bo\u015f!<\/h2>\n\n<hr class=\"wp-block-separator has-alpha-channel-opacity is-style-dots\"\/>\n\n<h2 class=\"wp-block-heading has-text-align-center\">Ma\u011fazada yeni<\/h2>\n\n<div data-block-name=\"woocommerce\/product-new\" data-columns=\"4\" data-rows=\"1\" class=\"wc-block-grid wp-block-product-new wp-block-woocommerce-product-new wc-block-product-new has-4-columns\"><ul class=\"wc-block-grid__products\"><li class=\"wc-block-grid__product\">\n\t\t\t\t<a href=\"https:\/\/boltekstil.com\/index.php\/product\/12-adet-siyah-spor-fitness-havlusu-30x90-cm-0-pamuk\/\" class=\"wc-block-grid__product-link\">\n\t\t\t\t\t<div class=\"wc-block-grid__product-onsale\">\n\t\t\t<span aria-hidden=\"true\">\u0130ndirim<\/span>\n\t\t\t<span class=\"screen-reader-text\">\u0130ndirimdeki \u00fcr\u00fcn<\/span>\n\t\t<\/div>\n\t\t\t\t\t<div class=\"wc-block-grid__product-image\"><img fetchpriority=\"high\" decoding=\"async\" width=\"300\" height=\"300\" src=\"https:\/\/boltekstil.com\/wp-content\/uploads\/2024\/09\/spor-30x110-1-300x300.jpg\" class=\"attachment-woocommerce_thumbnail size-woocommerce_thumbnail\" alt=\"12 Adet Siyah Spor Fitness Havlusu 30x90 Cm %100 Pamuk\" srcset=\"https:\/\/boltekstil.com\/wp-content\/uploads\/2024\/09\/spor-30x110-1-300x300.jpg 300w, https:\/\/boltekstil.com\/wp-content\/uploads\/2024\/09\/spor-30x110-1-150x150.jpg 150w, https:\/\/boltekstil.com\/wp-content\/uploads\/2024\/09\/spor-30x110-1-100x100.jpg 100w, https:\/\/boltekstil.com\/wp-content\/uploads\/2024\/09\/spor-30x110-1-50x50.jpg 50w\" sizes=\"(max-width: 300px) 100vw, 300px\" \/><\/div>\n\t\t\t\t\t<div class=\"wc-block-grid__product-title\">12 Adet Siyah Spor Fitness Havlusu 30&#215;90 Cm %100 Pamuk<\/div>\n\t\t\t\t<\/a>\n\t\t\t\t<div class=\"wc-block-grid__product-price price\"><del aria-hidden=\"true\"><span class=\"woocommerce-Price-amount amount\"><span class=\"woocommerce-Price-currencySymbol\">&#8378;<\/span>1.099,99<\/span><\/del> <span class=\"screen-reader-text\">Orijinal fiyat: &#8378;1.099,99.<\/span><ins aria-hidden=\"true\"><span class=\"woocommerce-Price-amount amount\"><span class=\"woocommerce-Price-currencySymbol\">&#8378;<\/span>999,99<\/span><\/ins><span class=\"screen-reader-text\">\u015eu andaki fiyat: &#8378;999,99.<\/span><\/div>\n\t\t\t\t\n\t\t\t\t<div class=\"wp-block-button wc-block-grid__product-add-to-cart\"><a href=\"https:\/\/boltekstil.com\/index.php\/product\/12-adet-siyah-spor-fitness-havlusu-30x90-cm-0-pamuk\/\" aria-label=\"&ldquo;12 Adet Siyah Spor Fitness Havlusu 30x90 Cm %100 Pamuk&rdquo; hakk\u0131nda daha fazla bilgi edinin\" data-quantity=\"1\" data-product_id=\"563\" data-product_sku=\"\" data-price=\"999.99\" rel=\"nofollow\" class=\"wp-block-button__link  add_to_cart_button\"><\/a><\/div>\n\t\t\t<\/li><li class=\"wc-block-grid__product\">\n\t\t\t\t<a href=\"https:\/\/boltekstil.com\/index.php\/product\/outlet-masaj-yatagi-ortusu-havlusu-sandik-model-beyaz-renk-kafa-kismi-acik\/\" class=\"wc-block-grid__product-link\">\n\t\t\t\t\t<div class=\"wc-block-grid__product-onsale\">\n\t\t\t<span aria-hidden=\"true\">\u0130ndirim<\/span>\n\t\t\t<span class=\"screen-reader-text\">\u0130ndirimdeki \u00fcr\u00fcn<\/span>\n\t\t<\/div>\n\t\t\t\t\t<div class=\"wc-block-grid__product-image\"><img decoding=\"async\" width=\"300\" height=\"300\" src=\"https:\/\/boltekstil.com\/wp-content\/uploads\/2024\/08\/sandikbeyaz-300x300.jpg\" class=\"attachment-woocommerce_thumbnail size-woocommerce_thumbnail\" alt=\"Outlet Masaj Yata\u011f\u0131 \u00d6rt\u00fcs\u00fc Havlusu Sand\u0131k Model Beyaz Renk Kafa K\u0131sm\u0131 A\u00e7\u0131k\" srcset=\"https:\/\/boltekstil.com\/wp-content\/uploads\/2024\/08\/sandikbeyaz-300x300.jpg 300w, https:\/\/boltekstil.com\/wp-content\/uploads\/2024\/08\/sandikbeyaz-150x150.jpg 150w, https:\/\/boltekstil.com\/wp-content\/uploads\/2024\/08\/sandikbeyaz-100x100.jpg 100w, https:\/\/boltekstil.com\/wp-content\/uploads\/2024\/08\/sandikbeyaz-50x50.jpg 50w\" sizes=\"(max-width: 300px) 100vw, 300px\" \/><\/div>\n\t\t\t\t\t<div class=\"wc-block-grid__product-title\">Outlet Masaj Yata\u011f\u0131 \u00d6rt\u00fcs\u00fc Havlusu Sand\u0131k Model Beyaz Renk Kafa K\u0131sm\u0131 A\u00e7\u0131k<\/div>\n\t\t\t\t<\/a>\n\t\t\t\t<div class=\"wc-block-grid__product-price price\"><del aria-hidden=\"true\"><span class=\"woocommerce-Price-amount amount\"><span class=\"woocommerce-Price-currencySymbol\">&#8378;<\/span>599,00<\/span><\/del> <span class=\"screen-reader-text\">Orijinal fiyat: &#8378;599,00.<\/span><ins aria-hidden=\"true\"><span class=\"woocommerce-Price-amount amount\"><span class=\"woocommerce-Price-currencySymbol\">&#8378;<\/span>569,00<\/span><\/ins><span class=\"screen-reader-text\">\u015eu andaki fiyat: &#8378;569,00.<\/span><\/div>\n\t\t\t\t\n\t\t\t\t<div class=\"wp-block-button wc-block-grid__product-add-to-cart\"><a href=\"https:\/\/boltekstil.com\/index.php\/product\/outlet-masaj-yatagi-ortusu-havlusu-sandik-model-beyaz-renk-kafa-kismi-acik\/\" aria-label=\"&ldquo;Outlet Masaj Yata\u011f\u0131 \u00d6rt\u00fcs\u00fc Havlusu Sand\u0131k Model Beyaz Renk Kafa K\u0131sm\u0131 A\u00e7\u0131k&rdquo; hakk\u0131nda daha fazla bilgi edinin\" data-quantity=\"1\" data-product_id=\"551\" data-product_sku=\"\" data-price=\"569\" rel=\"nofollow\" class=\"wp-block-button__link  add_to_cart_button\"><\/a><\/div>\n\t\t\t<\/li><li class=\"wc-block-grid__product\">\n\t\t\t\t<a href=\"https:\/\/boltekstil.com\/index.php\/product\/outlet-masaj-yatagi-ortusu-havlusu-sandik-model-gri-renk\/\" class=\"wc-block-grid__product-link\">\n\t\t\t\t\t<div class=\"wc-block-grid__product-onsale\">\n\t\t\t<span aria-hidden=\"true\">\u0130ndirim<\/span>\n\t\t\t<span class=\"screen-reader-text\">\u0130ndirimdeki \u00fcr\u00fcn<\/span>\n\t\t<\/div>\n\t\t\t\t\t<div class=\"wc-block-grid__product-image\"><img decoding=\"async\" width=\"287\" height=\"300\" src=\"https:\/\/boltekstil.com\/wp-content\/uploads\/2024\/08\/SANDIKGRI-287x300.jpg\" class=\"attachment-woocommerce_thumbnail size-woocommerce_thumbnail\" alt=\"Outlet Masaj Yata\u011f\u0131 \u00d6rt\u00fcs\u00fc Havlusu Sand\u0131k Model Gri Renk Kafa K\u0131sm\u0131 A\u00e7\u0131k\" \/><\/div>\n\t\t\t\t\t<div class=\"wc-block-grid__product-title\">Outlet Masaj Yata\u011f\u0131 \u00d6rt\u00fcs\u00fc Havlusu Sand\u0131k Model Gri Renk Kafa K\u0131sm\u0131 A\u00e7\u0131k<\/div>\n\t\t\t\t<\/a>\n\t\t\t\t<div class=\"wc-block-grid__product-price price\"><del aria-hidden=\"true\"><span class=\"woocommerce-Price-amount amount\"><span class=\"woocommerce-Price-currencySymbol\">&#8378;<\/span>599,00<\/span><\/del> <span class=\"screen-reader-text\">Orijinal fiyat: &#8378;599,00.<\/span><ins aria-hidden=\"true\"><span class=\"woocommerce-Price-amount amount\"><span class=\"woocommerce-Price-currencySymbol\">&#8378;<\/span>569,00<\/span><\/ins><span class=\"screen-reader-text\">\u015eu andaki fiyat: &#8378;569,00.<\/span><\/div>\n\t\t\t\t\n\t\t\t\t<div class=\"wp-block-button wc-block-grid__product-add-to-cart\"><a href=\"https:\/\/boltekstil.com\/index.php\/product\/outlet-masaj-yatagi-ortusu-havlusu-sandik-model-gri-renk\/\" aria-label=\"&ldquo;Outlet Masaj Yata\u011f\u0131 \u00d6rt\u00fcs\u00fc Havlusu Sand\u0131k Model Gri Renk Kafa K\u0131sm\u0131 A\u00e7\u0131k&rdquo; hakk\u0131nda daha fazla bilgi edinin\" data-quantity=\"1\" data-product_id=\"543\" data-product_sku=\"\" data-price=\"569\" rel=\"nofollow\" class=\"wp-block-button__link  add_to_cart_button\"><\/a><\/div>\n\t\t\t<\/li><li class=\"wc-block-grid__product\">\n\t\t\t\t<a href=\"https:\/\/boltekstil.com\/index.php\/product\/outlet-masaj-yatagi-ortusu-havlusu-sandik-model-vizon-renk\/\" class=\"wc-block-grid__product-link\">\n\t\t\t\t\t<div class=\"wc-block-grid__product-onsale\">\n\t\t\t<span aria-hidden=\"true\">\u0130ndirim<\/span>\n\t\t\t<span class=\"screen-reader-text\">\u0130ndirimdeki \u00fcr\u00fcn<\/span>\n\t\t<\/div>\n\t\t\t\t\t<div class=\"wc-block-grid__product-image\"><img loading=\"lazy\" decoding=\"async\" width=\"287\" height=\"300\" src=\"https:\/\/boltekstil.com\/wp-content\/uploads\/2024\/08\/VIZONSANDIK-287x300.jpg\" class=\"attachment-woocommerce_thumbnail size-woocommerce_thumbnail\" alt=\"Outlet Masaj Yata\u011f\u0131 \u00d6rt\u00fcs\u00fc Havlusu Sand\u0131k Model Vizon Renk Kafa K\u0131sm\u0131 A\u00e7\u0131k\" \/><\/div>\n\t\t\t\t\t<div class=\"wc-block-grid__product-title\">Outlet Masaj Yata\u011f\u0131 \u00d6rt\u00fcs\u00fc Havlusu Sand\u0131k Model Vizon Renk Kafa K\u0131sm\u0131 A\u00e7\u0131k<\/div>\n\t\t\t\t<\/a>\n\t\t\t\t<div class=\"wc-block-grid__product-price price\"><del aria-hidden=\"true\"><span class=\"woocommerce-Price-amount amount\"><span class=\"woocommerce-Price-currencySymbol\">&#8378;<\/span>599,00<\/span><\/del> <span class=\"screen-reader-text\">Orijinal fiyat: &#8378;599,00.<\/span><ins aria-hidden=\"true\"><span class=\"woocommerce-Price-amount amount\"><span class=\"woocommerce-Price-currencySymbol\">&#8378;<\/span>569,00<\/span><\/ins><span class=\"screen-reader-text\">\u015eu andaki fiyat: &#8378;569,00.<\/span><\/div>\n\t\t\t\t\n\t\t\t\t<div class=\"wp-block-button wc-block-grid__product-add-to-cart\"><a href=\"https:\/\/boltekstil.com\/index.php\/product\/outlet-masaj-yatagi-ortusu-havlusu-sandik-model-vizon-renk\/\" aria-label=\"&ldquo;Outlet Masaj Yata\u011f\u0131 \u00d6rt\u00fcs\u00fc Havlusu Sand\u0131k Model Vizon Renk Kafa K\u0131sm\u0131 A\u00e7\u0131k&rdquo; hakk\u0131nda daha fazla bilgi edinin\" data-quantity=\"1\" data-product_id=\"541\" data-product_sku=\"\" data-price=\"569\" rel=\"nofollow\" class=\"wp-block-button__link  add_to_cart_button\"><\/a><\/div>\n\t\t\t<\/li><\/ul><\/div><\/div><\/div>","protected":false},"excerpt":{"rendered":"","protected":false},"author":1,"featured_media":0,"parent":0,"menu_order":0,"comment_status":"closed","ping_status":"closed","template":"","meta":{"footnotes":""},"class_list":["post-357","page","type-page","status-publish","hentry"],"jetpack_sharing_enabled":true,"_links":{"self":[{"href":"https:\/\/boltekstil.com\/index.php\/wp-json\/wp\/v2\/pages\/357","targetHints":{"allow":["GET"]}}],"collection":[{"href":"https:\/\/boltekstil.com\/index.php\/wp-json\/wp\/v2\/pages"}],"about":[{"href":"https:\/\/boltekstil.com\/index.php\/wp-json\/wp\/v2\/types\/page"}],"author":[{"embeddable":true,"href":"https:\/\/boltekstil.com\/index.php\/wp-json\/wp\/v2\/users\/1"}],"replies":[{"embeddable":true,"href":"https:\/\/boltekstil.com\/index.php\/wp-json\/wp\/v2\/comments?post=357"}],"version-history":[{"count":0,"href":"https:\/\/boltekstil.com\/index.php\/wp-json\/wp\/v2\/pages\/357\/revisions"}],"wp:attachment":[{"href":"https:\/\/boltekstil.com\/index.php\/wp-json\/wp\/v2\/media?parent=357"}],"curies":[{"name":"wp","href":"https:\/\/api.w.org\/{rel}","templated":true}]}}